{"id":2126,"date":"2022-03-17T17:06:59","date_gmt":"2022-03-17T15:06:59","guid":{"rendered":"https:\/\/boxrent.lv\/?page_id=2126"},"modified":"2025-01-04T23:09:51","modified_gmt":"2025-01-04T21:09:51","slug":"noliktavas-noma","status":"publish","type":"page","link":"https:\/\/boxrent.lv\/ru\/noliktavas-noma\/","title":{"rendered":"\u0410\u0440\u0435\u043d\u0434\u0430 \u0441\u043a\u043b\u0430\u0434\u0430"},"content":{"rendered":"<div data-elementor-type=\"wp-page\" data-elementor-id=\"2126\" class=\"elementor elementor-2126\" data-elementor-post-type=\"page\">\n\t\t\t\t\t\t<section class=\"elementor-section elementor-top-section elementor-element elementor-element-b465240 elementor-section-boxed elementor-section-height-default elementor-section-height-default\" data-id=\"b465240\" data-element_type=\"section\">\n\t\t\t\t\t\t<div class=\"elementor-container elementor-column-gap-default\">\n\t\t\t\t\t<div class=\"elementor-column elementor-col-100 elementor-top-column elementor-element elementor-element-c97e829\" data-id=\"c97e829\" data-element_type=\"column\">\n\t\t\t<div class=\"elementor-widget-wrap elementor-element-populated\">\n\t\t\t\t\t\t<div class=\"elementor-element elementor-element-56a1c65 elementor-widget elementor-widget-text-editor\" data-id=\"56a1c65\" data-element_type=\"widget\" data-widget_type=\"text-editor.default\">\n\t\t\t\t<div class=\"elementor-widget-container\">\n\t\t\t\t\t\t\t\t\t<p>M\u0113s pied\u0101v\u0101jam fizisk\u0101m un juridisk\u0101m person\u0101m noliktavas nomu m\u016bsu mantu glab\u0101tuv\u0113s. Ja Jums interes\u0113 noliktavas noma R\u012bg\u0101, tad aicin\u0101m izmantot m\u016bsu pied\u0101v\u0101jumu. Pieejamas cenas, iesp\u0113ja glab\u0101t jebk\u0101da tipa mantas un preces jebk\u0101dos izm\u0113ros, vair\u0101kas lok\u0101cijas &#8211; t\u0101s priek\u0161roc\u012bbas, kuras ieg\u016bst m\u016bsu klienti. Noliktava &#8211; t\u0101 ir telpa, kas piem\u0113rota komerci\u0101lo lietu glab\u0101\u0161anai &#8211; krava, m\u0113beles, tehnika, sezon\u0101la produkcija, u.t.t. Individu\u0101la neliela noliktava ir piem\u0113rota vienam nomniekam, vienai \u0123imenei vai vienam uz\u0146\u0113mumam. <a href=\"https:\/\/boxrent.lv\/ru\/\">Vair\u0101k inform\u0101cijas te..<\/a><\/p>\n<p><\/p>\n<h2 class=\"wp-block-heading\"><strong>Konteineru nomas priek\u0161roc\u012bbas<\/strong><\/h2>\n<p><\/p>\n<ul class=\"wp-block-list\">\n<li>Herm\u0113tiski<\/li>\n<\/ul>\n<p>Herm\u0113tisk\u0101s noliktav\u0101s nav pel\u0113juma un grauz\u0113ji. Pateicoties herm\u0113tiskumam, J\u016bsu mantas nesaboj\u0101sies.<\/p>\n<p><\/p>\n<ul class=\"wp-block-list\">\n<li>\u0423\u0434\u043e\u0431\u043d\u043e \u043f\u043e\u0434\u044c\u0435\u0437\u0436\u0430\u0442\u044c<\/li>\n<\/ul>\n<p>Lietojos m\u016bsu noliktavas, Jums vairs nevajadz\u0113s staip\u012bt savas mantas! \u0112rta piebrauk\u0161anas tie\u0161i pie noliktavas ar J\u016bsu auto.&nbsp;<\/p>\n<p><\/p>\n<ul class=\"wp-block-list\">\n<li>Platas durvis<\/li>\n<\/ul>\n<p>Iesp\u0113ja nom\u0101t noliktavas ar liel\u0101m durv\u012bm: 2,45 x 2,40 m &#8211; taj\u0101s ir \u0113rti kraut lielgabar\u012bta mantas un m\u0113beles. Kompakt\u0101kiem boksiem durvis ir 2,00 x 1,00 m.<\/p>\n<p><\/p>\n<ul class=\"wp-block-list\">\n<li>Efekt\u012bva ventil\u0101cijas sist\u0113ma<\/li>\n<\/ul>\n<p>M\u016bsu konteineros ir izveidota efekt\u012bva ventil\u0113\u0161anas sist\u0113ma. Pateicoties gaisa cirkul\u0101cijai, noliktav\u0101s nav mitruma.<\/p>\n<p>Rezerv\u0113jiet jebk\u0101da izm\u0113ra noliktavu un, nom\u0101jot uz 6 m\u0113ne\u0161iem vai 1 gadu, sa\u0146emiet izdev\u012bgu tarifu. Maks\u0101t par noliktavu var gan ar ikm\u0113ne\u0161a maks\u0101jumu, gan samaks\u0101jot visu summu uzreiz (L\u0113t\u0101k).<\/p>\n<p><\/p>\n<h2 class=\"wp-block-heading\"><strong>Priek\u0161roc\u012bbas<\/strong><\/h2>\n<p><\/p>\n<ul class=\"wp-block-list\">\n<li>Jums ir 24\/7 diennakts pieeja sav\u0101m mant\u0101m.<\/li>\n<li>LED apgaismojums ar kust\u012bbas sensoru katr\u0101 noliktav\u0101.<\/li>\n<li>Aizv\u0113rta teritorija, met\u0101la durvis ar atsl\u0113gu un iesp\u0113ju piekarin\u0101t savu sl\u0113dzeni, kas sniedz maksim\u0101lu J\u016bsu mantu dro\u0161\u012bbu.<\/li>\n<li>Da\u017e\u0101s lok\u0101cij\u0101s mums ir fiziska apsardze.<\/li>\n<li>Liel\u0101kaj\u0101 da\u013c\u0101 lok\u0101cij\u0101s mums ir videonov\u0113ro\u0161anas kameras.<\/li>\n<\/ul>\n<p><\/p>\n<h2 class=\"wp-block-heading\"><strong>Rezerv\u0113\u0161anas process<\/strong><\/h2>\n<ul>\n<li>J\u016bs rezerv\u0113jiet noliktavu online caur m\u016bsu rezerv\u0101cijas sist\u0113mu.<\/li>\n<li>Uzreiz p\u0113c apmaksas, J\u016bs sa\u0146emsiet uz e-pastu un SMS pieejas lok\u0101cijai un noliktavai un var\u0113siet jums \u0113rt\u0101 laik\u0101 ievest savas mantas taj\u0101&nbsp;<b>(24\/7)<\/b><\/li>\n<\/ul>\n<p><\/p>\n<h2 class=\"wp-block-heading\"><strong>K\u0101 no\u012br\u0113t noliktavu mantu glab\u0101\u0161anai<\/strong><\/h2>\n<p>M\u016bsu klientiem = individu\u0101las noliktavas da\u017e\u0101dos izm\u0113ros. Minim\u0101l\u0101 plat\u012bba ir 1 m3. Noliktavu augstums ir no 2.4 l\u012bdz 2,7 m. Nomas maksa tiek skait\u012bta p\u0113c gr\u012bdas.<\/p>\n<p><\/p>\n<p>Ja Jums vajag \u012br\u0113t noliktavu priek\u0161 m\u0113bel\u0113m vai cit\u0101m lielgabar\u012bta mant\u0101m, m\u0113s pied\u0101v\u0101jam noliktavas ar plat\u0101m durv\u012bm. Lai glab\u0101tu kravu, Jums nevajag to iepakot. Mums nav nek\u0101du iepako\u0161anas nosac\u012bjumu.<\/p>\n<p>Uz citiem jaut\u0101jumiem atbild\u0113s m\u016bsu profesion\u0101lie mened\u017eeri.<\/p>\n<p><\/p>\t\t\t\t\t\t\t\t<\/div>\n\t\t\t\t<\/div>\n\t\t\t\t\t<\/div>\n\t\t<\/div>\n\t\t\t\t\t<\/div>\n\t\t<\/section>\n\t\t\t\t<\/div>","protected":false},"excerpt":{"rendered":"<p>M\u0113s pied\u0101v\u0101jam fizisk\u0101m un juridisk\u0101m person\u0101m noliktavas nomu m\u016bsu mantu glab\u0101tuv\u0113s. Ja Jums interes\u0113 noliktavas noma R\u012bg\u0101, tad aicin\u0101m izmantot m\u016bsu pied\u0101v\u0101jumu. Pieejamas cenas, iesp\u0113ja glab\u0101t jebk\u0101da tipa mantas un preces jebk\u0101dos izm\u0113ros, vair\u0101kas lok\u0101cijas &#8211; t\u0101s priek\u0161roc\u012bbas, kuras ieg\u016bst m\u016bsu klienti. Noliktava &#8211; t\u0101 ir telpa, kas piem\u0113rota komerci\u0101lo lietu glab\u0101\u0161anai &#8211; krava, m\u0113beles, [&hellip;]<\/p>","protected":false},"author":1,"featured_media":754,"parent":0,"menu_order":0,"comment_status":"closed","ping_status":"closed","template":"","meta":{"inline_featured_image":false,"footnotes":""},"class_list":["post-2126","page","type-page","status-publish","has-post-thumbnail","hentry"],"_links":{"self":[{"href":"https:\/\/boxrent.lv\/ru\/wp-json\/wp\/v2\/pages\/2126","targetHints":{"allow":["GET"]}}],"collection":[{"href":"https:\/\/boxrent.lv\/ru\/wp-json\/wp\/v2\/pages"}],"about":[{"href":"https:\/\/boxrent.lv\/ru\/wp-json\/wp\/v2\/types\/page"}],"author":[{"embeddable":true,"href":"https:\/\/boxrent.lv\/ru\/wp-json\/wp\/v2\/users\/1"}],"replies":[{"embeddable":true,"href":"https:\/\/boxrent.lv\/ru\/wp-json\/wp\/v2\/comments?post=2126"}],"version-history":[{"count":21,"href":"https:\/\/boxrent.lv\/ru\/wp-json\/wp\/v2\/pages\/2126\/revisions"}],"predecessor-version":[{"id":6664,"href":"https:\/\/boxrent.lv\/ru\/wp-json\/wp\/v2\/pages\/2126\/revisions\/6664"}],"wp:featuredmedia":[{"embeddable":true,"href":"https:\/\/boxrent.lv\/ru\/wp-json\/wp\/v2\/media\/754"}],"wp:attachment":[{"href":"https:\/\/boxrent.lv\/ru\/wp-json\/wp\/v2\/media?parent=2126"}],"curies":[{"name":"wp","href":"https:\/\/api.w.org\/{rel}","templated":true}]}}