{"id":4051,"date":"2022-06-17T00:21:59","date_gmt":"2022-06-16T21:21:59","guid":{"rendered":"https:\/\/boxrent.lv\/?page_id=4051"},"modified":"2025-03-22T14:43:58","modified_gmt":"2025-03-22T12:43:58","slug":"noliktavas-ire-riga","status":"publish","type":"page","link":"https:\/\/boxrent.lv\/ru\/noliktavas-ire-riga\/","title":{"rendered":"Noliktavas \u012bre R\u012bg\u0101"},"content":{"rendered":"<div data-elementor-type=\"wp-page\" data-elementor-id=\"4051\" class=\"elementor elementor-4051\" data-elementor-post-type=\"page\">\n\t\t\t\t\t\t<section class=\"elementor-section elementor-top-section elementor-element elementor-element-a801cb0 elementor-section-boxed elementor-section-height-default elementor-section-height-default\" data-id=\"a801cb0\" data-element_type=\"section\">\n\t\t\t\t\t\t<div class=\"elementor-container elementor-column-gap-default\">\n\t\t\t\t\t<div class=\"elementor-column elementor-col-100 elementor-top-column elementor-element elementor-element-4381057\" data-id=\"4381057\" data-element_type=\"column\">\n\t\t\t<div class=\"elementor-widget-wrap elementor-element-populated\">\n\t\t\t\t\t\t<div class=\"elementor-element elementor-element-1cd13fe elementor-widget elementor-widget-text-editor\" data-id=\"1cd13fe\" data-element_type=\"widget\" data-widget_type=\"text-editor.default\">\n\t\t\t\t<div class=\"elementor-widget-container\">\n\t\t\t\t\t\t\t\t\t<p>Boxrent ir uz\u0146\u0113mums, kas pied\u0101v\u0101 \u012bret noliktavas R\u012bg\u0101 vair\u0101kos rajonos.<br \/><!--<\/p>\n<ul>\n<li><strong>Purvciems<\/strong>\u00a0<a href=\"https:\/\/goo.gl\/maps\/MrzZV3nNrxshybPy9\" target=\"_blank\" rel=\"noopener\"><em>(Braslas iela 20)<\/em><\/a><\/li>\n<li><strong>Imanta<\/strong> <a href=\"https:\/\/goo.gl\/maps\/Ua5itWtk3SW2YEHe7\" target=\"_blank\" rel=\"noopener\"><em>(Air\u012btes iela 9 un Slokas iela 130)<\/em><\/a><\/li>\n<li><strong>Zolit\u016bde<\/strong> <a href=\"https:\/\/goo.gl\/maps\/dacKQkRgkEJEtFvH7\" target=\"_blank\" rel=\"noopener\"><em>(J\u016brkalnes iela 6)<\/em><\/a><\/li>\n<li><strong>Krasta rajons<\/strong>\u00a0<a href=\"https:\/\/goo.gl\/maps\/nzarNyK3fz1drjeZ8\" target=\"_blank\" rel=\"noopener\"><em>(Ludzas iela 11)<\/em><\/a><\/li>\n<li><strong>Centrs<\/strong>\u00a0<a href=\"https:\/\/goo.gl\/maps\/XSaZaL1HeRXAK3mh6\" target=\"_blank\" rel=\"noopener\"><em>(Rankas iela 8)<\/em><\/a><\/li>\n<li><strong>Teika<\/strong>\u00a0<a href=\"https:\/\/goo.gl\/maps\/iv4u4EMV34gJFcqq6\" target=\"_blank\" rel=\"noopener\"><em>(Krustabazn\u012bcas iela 8a)<\/em><\/a><\/li>\n<\/ul>\n<p>--><br \/>Pieejam\u012bb\u0101 ir 8 da\u017e\u0101di izm\u0113ri vis\u0101m dz\u012bves situ\u0101cij\u0101m. Ja Jums vajag p\u0101rcelties, pied\u0101v\u0101jam lielo izm\u0113ru \u012bri <strong>(15 &#8211; 30 m2)<\/strong>. Ja jums nepietiek vietas dz\u012bvojam\u0101 vai darba telp\u0101, pied\u0101v\u0101jam maz\u0101ku izm\u0113ru nomu <strong>(1m3 &#8211; 10 m2)<\/strong><\/p><h2>Cik maks\u0101 \u012br\u0113t noliktavu R\u012bg\u0101?<\/h2><p>Noliktavas \u012bre ir izdev\u012bg\u0101ka nek\u0101 silt\u0101s iek\u0161telpu noliktavas. Cena ir atkar\u012bga no izm\u0113ra un l\u012bguma veida, kuru J\u016bs izv\u0113l\u0113sieties. Boxrent pied\u0101v\u0101 pla\u0161u l\u012bgumu veidu izv\u0113li:<\/p><ul><li><strong>No 1 m\u0113ne\u0161a<\/strong>: Ja neziniet, uz cik ilgu laiku vajadz\u012bga noliktava, izv\u0113laties beztermi\u0146a opciju<\/li><li><strong>No 6 m\u0113ne\u0161iem<\/strong>: Maks\u0101jiet ikm\u0113ne\u0161a maksu, bet ietaupiet<\/li><li><strong>No 12 m\u0113ne\u0161iem<\/strong>: Maks\u0101jiet ikm\u0113ne\u0161a maksu, bet ietaupiet v\u0113l vair\u0101k<\/li><\/ul><p>Ja j\u016bs lauz\u012bsiet l\u012bgumu \u0101tr\u0101k, nek\u0101 izv\u0113l\u0113t\u0101 termi\u0146\u0101, Jums b\u016bs j\u0101atmaks\u0101 starp\u012bba starp beztermi\u0146a tarifu un J\u016bsu izv\u0113l\u0113to.<\/p><p>Lai uzzin\u0101tu vair\u0101k, dodieties uz <a href=\"https:\/\/boxrent.lv\/ru\/\">s\u0101kumlapu<\/a> un uzziniet cenas.<\/p><h2>K\u0101 lietot konteinera noliktavu?<\/h2><p>Konteinera noliktavas galven\u0101 priek\u0161roc\u012bba ir t\u0101, ka J\u016bs varat piebraukt ar auto tie\u0161i pie savas noliktavas. T\u0101dej\u0101di taupot savu laiku un nestaip\u012bt mantas.<\/p>\t\t\t\t\t\t\t\t<\/div>\n\t\t\t\t<\/div>\n\t\t\t\t<section class=\"elementor-section elementor-inner-section elementor-element elementor-element-4c3eb9b elementor-section-boxed elementor-section-height-default elementor-section-height-default\" data-id=\"4c3eb9b\" data-element_type=\"section\">\n\t\t\t\t\t\t<div class=\"elementor-container elementor-column-gap-default\">\n\t\t\t\t\t<div class=\"elementor-column elementor-col-50 elementor-inner-column elementor-element elementor-element-c4234ae\" data-id=\"c4234ae\" data-element_type=\"column\">\n\t\t\t<div class=\"elementor-widget-wrap elementor-element-populated\">\n\t\t\t\t\t\t<div class=\"elementor-element elementor-element-c4bcec1 elementor-widget elementor-widget-text-editor\" data-id=\"c4bcec1\" data-element_type=\"widget\" data-widget_type=\"text-editor.default\">\n\t\t\t\t<div class=\"elementor-widget-container\">\n\t\t\t\t\t\t\t\t\t<h3>Liel\u0101kas noliktavas <em>(15-30m2)<\/em><\/h3><p>Ir apr\u012bkotas ar lielaj\u0101m konteinera durv\u012bm, kuras var atv\u0113rt no abiem s\u0101niem. Lai aizv\u0113rtu noliktavu, Jums vajag ieg\u0101d\u0101ties uzkaramo sl\u0113dzeni!<\/p>\t\t\t\t\t\t\t\t<\/div>\n\t\t\t\t<\/div>\n\t\t\t\t<div class=\"elementor-element elementor-element-68559bf elementor-widget elementor-widget-image\" data-id=\"68559bf\" data-element_type=\"widget\" data-widget_type=\"image.default\">\n\t\t\t\t<div class=\"elementor-widget-container\">\n\t\t\t\t\t\t\t\t\t\t\t\t\t\t\t<img fetchpriority=\"high\" decoding=\"async\" width=\"800\" height=\"534\" src=\"https:\/\/boxrent.lv\/wp-content\/uploads\/2022\/06\/M-1024x683.jpg\" class=\"attachment-large size-large wp-image-4062\" alt=\"Lielas konteinera durvis\" srcset=\"https:\/\/boxrent.lv\/wp-content\/uploads\/2022\/06\/M-1024x683.jpg 1024w, https:\/\/boxrent.lv\/wp-content\/uploads\/2022\/06\/M-300x200.jpg 300w, https:\/\/boxrent.lv\/wp-content\/uploads\/2022\/06\/M-768x512.jpg 768w, https:\/\/boxrent.lv\/wp-content\/uploads\/2022\/06\/M-1536x1024.jpg 1536w, https:\/\/boxrent.lv\/wp-content\/uploads\/2022\/06\/M-18x12.jpg 18w, https:\/\/boxrent.lv\/wp-content\/uploads\/2022\/06\/M.jpg 1620w\" sizes=\"(max-width: 800px) 100vw, 800px\" \/>\t\t\t\t\t\t\t\t\t\t\t\t\t\t\t<\/div>\n\t\t\t\t<\/div>\n\t\t\t\t\t<\/div>\n\t\t<\/div>\n\t\t\t\t<div class=\"elementor-column elementor-col-50 elementor-inner-column elementor-element elementor-element-d01c8ab\" data-id=\"d01c8ab\" data-element_type=\"column\">\n\t\t\t<div class=\"elementor-widget-wrap elementor-element-populated\">\n\t\t\t\t\t\t<div class=\"elementor-element elementor-element-1a98286 elementor-widget elementor-widget-text-editor\" data-id=\"1a98286\" data-element_type=\"widget\" data-widget_type=\"text-editor.default\">\n\t\t\t\t<div class=\"elementor-widget-container\">\n\t\t\t\t\t\t\t\t\t<h3>Maz\u0101kas noliktavas <em>(1m3-10m2)<\/em><\/h3><p>Ir apr\u012bkotas ar vienk\u0101r\u0161\u0101m met\u0101la durv\u012bm t\u0101pat k\u0101 dz\u012bvok\u013cos. Jums ir fiziska atsl\u0113ga no noliktavas, ar kuru varat atv\u0113rt to cauru diennakti.<\/p>\t\t\t\t\t\t\t\t<\/div>\n\t\t\t\t<\/div>\n\t\t\t\t<div class=\"elementor-element elementor-element-2a70356 elementor-widget elementor-widget-image\" data-id=\"2a70356\" data-element_type=\"widget\" data-widget_type=\"image.default\">\n\t\t\t\t<div class=\"elementor-widget-container\">\n\t\t\t\t\t\t\t\t\t\t\t\t\t\t\t<img decoding=\"async\" width=\"800\" height=\"534\" src=\"https:\/\/boxrent.lv\/wp-content\/uploads\/2022\/06\/KAL04627-1024x683.jpg\" class=\"attachment-large size-large wp-image-4063\" alt=\"Noliktavu \u012are R\u012bg\u0101\" srcset=\"https:\/\/boxrent.lv\/wp-content\/uploads\/2022\/06\/KAL04627-1024x683.jpg 1024w, https:\/\/boxrent.lv\/wp-content\/uploads\/2022\/06\/KAL04627-300x200.jpg 300w, https:\/\/boxrent.lv\/wp-content\/uploads\/2022\/06\/KAL04627-768x512.jpg 768w, https:\/\/boxrent.lv\/wp-content\/uploads\/2022\/06\/KAL04627-1536x1025.jpg 1536w, https:\/\/boxrent.lv\/wp-content\/uploads\/2022\/06\/KAL04627-18x12.jpg 18w, https:\/\/boxrent.lv\/wp-content\/uploads\/2022\/06\/KAL04627.jpg 1920w\" sizes=\"(max-width: 800px) 100vw, 800px\" \/>\t\t\t\t\t\t\t\t\t\t\t\t\t\t\t<\/div>\n\t\t\t\t<\/div>\n\t\t\t\t\t<\/div>\n\t\t<\/div>\n\t\t\t\t\t<\/div>\n\t\t<\/section>\n\t\t\t\t\t<\/div>\n\t\t<\/div>\n\t\t\t\t\t<\/div>\n\t\t<\/section>\n\t\t\t\t<section class=\"elementor-section elementor-top-section elementor-element elementor-element-f18ac5c elementor-section-boxed elementor-section-height-default elementor-section-height-default\" data-id=\"f18ac5c\" data-element_type=\"section\">\n\t\t\t\t\t\t<div class=\"elementor-container elementor-column-gap-default\">\n\t\t\t\t\t<div class=\"elementor-column elementor-col-100 elementor-top-column elementor-element elementor-element-58d2d30\" data-id=\"58d2d30\" data-element_type=\"column\">\n\t\t\t<div class=\"elementor-widget-wrap elementor-element-populated\">\n\t\t\t\t\t\t<div class=\"elementor-element elementor-element-7674c1b elementor-widget elementor-widget-text-editor\" data-id=\"7674c1b\" data-element_type=\"widget\" data-widget_type=\"text-editor.default\">\n\t\t\t\t<div class=\"elementor-widget-container\">\n\t\t\t\t\t\t\t\t\t<h2>Cik dro\u0161i ir \u012br\u0113t noliktavu?<\/h2>\n<p>Liel\u0101k\u0101 da\u013ca no m\u016bsu lok\u0101cij\u0101m ir aizv\u0113rtas lok\u0101cijas ar piek\u013cuvi pa v\u0101rtiem (J\u016bs atverat v\u0101rtus ar telefonzvanu vai caur aplik\u0101ciju). Lok\u0101cij\u0101s ir videonov\u0113ro\u0161anas kameras, k\u0101 ar\u012b visiem m\u016bsu klientiem ir iesp\u0113ja uzkarin\u0101t papildus sl\u0113dzeni jebkurai noliktavai. Ja Jums aktu\u0101la noliktavas \u012bre R\u012bg\u0101, <span style=\"text-decoration: underline;\">izv\u0113laties Boxrent<\/span>!<\/p>\t\t\t\t\t\t\t\t<\/div>\n\t\t\t\t<\/div>\n\t\t\t\t\t<\/div>\n\t\t<\/div>\n\t\t\t\t\t<\/div>\n\t\t<\/section>\n\t\t\t\t<\/div>","protected":false},"excerpt":{"rendered":"<p>Boxrent ir uz\u0146\u0113mums, kas pied\u0101v\u0101 \u012bret noliktavas R\u012bg\u0101 vair\u0101kos rajonos.Pieejam\u012bb\u0101 ir 8 da\u017e\u0101di izm\u0113ri vis\u0101m dz\u012bves situ\u0101cij\u0101m. Ja Jums vajag p\u0101rcelties, pied\u0101v\u0101jam lielo izm\u0113ru \u012bri (15 &#8211; 30 m2). Ja jums nepietiek vietas dz\u012bvojam\u0101 vai darba telp\u0101, pied\u0101v\u0101jam maz\u0101ku izm\u0113ru nomu (1m3 &#8211; 10 m2) Cik maks\u0101 \u012br\u0113t noliktavu R\u012bg\u0101? Noliktavas \u012bre ir izdev\u012bg\u0101ka nek\u0101 [&hellip;]<\/p>","protected":false},"author":1,"featured_media":4053,"parent":0,"menu_order":0,"comment_status":"closed","ping_status":"closed","template":"","meta":{"inline_featured_image":false,"footnotes":""},"class_list":["post-4051","page","type-page","status-publish","has-post-thumbnail","hentry"],"_links":{"self":[{"href":"https:\/\/boxrent.lv\/ru\/wp-json\/wp\/v2\/pages\/4051","targetHints":{"allow":["GET"]}}],"collection":[{"href":"https:\/\/boxrent.lv\/ru\/wp-json\/wp\/v2\/pages"}],"about":[{"href":"https:\/\/boxrent.lv\/ru\/wp-json\/wp\/v2\/types\/page"}],"author":[{"embeddable":true,"href":"https:\/\/boxrent.lv\/ru\/wp-json\/wp\/v2\/users\/1"}],"replies":[{"embeddable":true,"href":"https:\/\/boxrent.lv\/ru\/wp-json\/wp\/v2\/comments?post=4051"}],"version-history":[{"count":24,"href":"https:\/\/boxrent.lv\/ru\/wp-json\/wp\/v2\/pages\/4051\/revisions"}],"predecessor-version":[{"id":7010,"href":"https:\/\/boxrent.lv\/ru\/wp-json\/wp\/v2\/pages\/4051\/revisions\/7010"}],"wp:featuredmedia":[{"embeddable":true,"href":"https:\/\/boxrent.lv\/ru\/wp-json\/wp\/v2\/media\/4053"}],"wp:attachment":[{"href":"https:\/\/boxrent.lv\/ru\/wp-json\/wp\/v2\/media?parent=4051"}],"curies":[{"name":"wp","href":"https:\/\/api.w.org\/{rel}","templated":true}]}}