{"id":4515,"date":"2022-09-05T00:00:30","date_gmt":"2022-09-04T21:00:30","guid":{"rendered":"https:\/\/boxrent.lv\/?page_id=4515"},"modified":"2025-01-04T23:11:13","modified_gmt":"2025-01-04T21:11:13","slug":"self-storage-riga","status":"publish","type":"page","link":"https:\/\/boxrent.lv\/ru\/self-storage-riga\/","title":{"rendered":"Self Storage R\u012bg\u0101"},"content":{"rendered":"<h2>J\u016bs mekl\u0113jat Self Storage R\u012bg\u0101?<\/h2>\n<p>Uz\u0146\u0113mums Boxrent pied\u0101v\u0101 Self Storage tipa noliktavas \u012brei 6 R\u012bgas rajonos.<\/p>\n<p>Izv\u0113loties m\u016bsu noliktavu, J\u016bs garant\u0113ti ietaup\u012bsiet uz nomas maksas, jo konteinera-tipa noliktavas ir vienas no izdev\u012bg\u0101kaj\u0101m. Taj\u0101 pa\u0161\u0101 laik\u0101 t\u0101s ir \u013coti \u0113rtas, jo J\u016bs varat piebraukt tie\u0161i pie savas noliktavas ar auto. \u013boti maz Self-Storage uz\u0146\u0113mumu pied\u0101v\u0101 l\u012bdz\u012bgu priek\u0161roc\u012bbu. Boxrent noliktavas ir b\u016bv\u0113tas no konteineriem: taj\u0101s ir apgaismojums, met\u0101la herm\u0113tiskas durvis, kas ne\u013caus iek\u013c\u016bt noliktav\u0101 grauz\u0113jiem.<\/p>\n<p>J\u016bs varat izv\u0113l\u0113ties vienu no 8 izm\u0113riem un nep\u0101rmaks\u0101t par lielu izm\u0113ru. Boxrent pied\u0101v\u0101 Jums \u0113rt\u0101 laik\u0101 atbraukt uz teritoriju, paskat\u012bties da\u017e\u0101dus izm\u0113rus un izv\u0113l\u0113ties sev piem\u0113rot\u0101ko.<\/p>\n<p>Gan l\u012bguma sl\u0113g\u0161ana, gan apmaksa notiek att\u0101lin\u0101ti, t\u0101p\u0113c Jums neb\u016bs j\u0101vienojas par konkr\u0113tu laiku ar mened\u017eeri vai j\u0101brauc uz biroju.<\/p>\n<p>Ja J\u016bs mekl\u0113jat \u0113rtu un dro\u0161u Self Storage, sazinieties ar m\u016bsu mened\u017eeri pa t\u0101lruni <strong>+371 20 440 882<\/strong>, un Jums past\u0101st\u012bs par pieejamiem izm\u0113riem un lok\u0101cij\u0101m. Vai rezerv\u0113jiet online caur m\u0101jaslapu!<\/p>","protected":false},"excerpt":{"rendered":"<p>J\u016bs mekl\u0113jat Self Storage R\u012bg\u0101? Uz\u0146\u0113mums Boxrent pied\u0101v\u0101 Self Storage tipa noliktavas \u012brei 6 R\u012bgas rajonos. Izv\u0113loties m\u016bsu noliktavu, J\u016bs garant\u0113ti ietaup\u012bsiet uz nomas maksas, jo konteinera-tipa noliktavas ir vienas no izdev\u012bg\u0101kaj\u0101m. Taj\u0101 pa\u0161\u0101 laik\u0101 t\u0101s ir \u013coti \u0113rtas, jo J\u016bs varat piebraukt tie\u0161i pie savas noliktavas ar auto. \u013boti maz Self-Storage uz\u0146\u0113mumu pied\u0101v\u0101 l\u012bdz\u012bgu [&hellip;]<\/p>","protected":false},"author":1,"featured_media":4521,"parent":0,"menu_order":0,"comment_status":"closed","ping_status":"closed","template":"","meta":{"inline_featured_image":false,"footnotes":""},"class_list":["post-4515","page","type-page","status-publish","has-post-thumbnail","hentry"],"_links":{"self":[{"href":"https:\/\/boxrent.lv\/ru\/wp-json\/wp\/v2\/pages\/4515","targetHints":{"allow":["GET"]}}],"collection":[{"href":"https:\/\/boxrent.lv\/ru\/wp-json\/wp\/v2\/pages"}],"about":[{"href":"https:\/\/boxrent.lv\/ru\/wp-json\/wp\/v2\/types\/page"}],"author":[{"embeddable":true,"href":"https:\/\/boxrent.lv\/ru\/wp-json\/wp\/v2\/users\/1"}],"replies":[{"embeddable":true,"href":"https:\/\/boxrent.lv\/ru\/wp-json\/wp\/v2\/comments?post=4515"}],"version-history":[{"count":18,"href":"https:\/\/boxrent.lv\/ru\/wp-json\/wp\/v2\/pages\/4515\/revisions"}],"predecessor-version":[{"id":6665,"href":"https:\/\/boxrent.lv\/ru\/wp-json\/wp\/v2\/pages\/4515\/revisions\/6665"}],"wp:featuredmedia":[{"embeddable":true,"href":"https:\/\/boxrent.lv\/ru\/wp-json\/wp\/v2\/media\/4521"}],"wp:attachment":[{"href":"https:\/\/boxrent.lv\/ru\/wp-json\/wp\/v2\/media?parent=4515"}],"curies":[{"name":"wp","href":"https:\/\/api.w.org\/{rel}","templated":true}]}}