{"id":4824,"date":"2023-04-10T17:24:36","date_gmt":"2023-04-10T14:24:36","guid":{"rendered":"https:\/\/boxrent.lv\/?page_id=4824"},"modified":"2023-04-10T17:28:13","modified_gmt":"2023-04-10T14:28:13","slug":"privatuma-politika","status":"publish","type":"page","link":"https:\/\/boxrent.lv\/ru\/privatuma-politika\/","title":{"rendered":"Priv\u0101tuma Politika"},"content":{"rendered":"<div data-elementor-type=\"wp-page\" data-elementor-id=\"4824\" class=\"elementor elementor-4824\" data-elementor-post-type=\"page\">\n\t\t\t\t\t\t<section class=\"elementor-section elementor-top-section elementor-element elementor-element-7e82f17 elementor-section-boxed elementor-section-height-default elementor-section-height-default\" data-id=\"7e82f17\" data-element_type=\"section\">\n\t\t\t\t\t\t<div class=\"elementor-container elementor-column-gap-default\">\n\t\t\t\t\t<div class=\"elementor-column elementor-col-100 elementor-top-column elementor-element elementor-element-ba84dd3\" data-id=\"ba84dd3\" data-element_type=\"column\">\n\t\t\t<div class=\"elementor-widget-wrap elementor-element-populated\">\n\t\t\t\t\t\t<div class=\"elementor-element elementor-element-1bb695b elementor-widget elementor-widget-text-editor\" data-id=\"1bb695b\" data-element_type=\"widget\" data-widget_type=\"text-editor.default\">\n\t\t\t\t<div class=\"elementor-widget-container\">\n\t\t\t\t\t\t\t\t\t<h6><strong>1. Visp\u0101r\u012bgie noteikumi.<\/strong><\/h6><p><span style=\"font-weight: 400;\">1.1. \u0160\u012b Priv\u0101tuma politika apraksta, k\u0101 SIA \u201cBoxrent\u201d, re\u0123.nr. 42403049027, jur.adrese: Tallinas iela 77-3, R\u012bga, LV-1009 (turpm\u0101k saukti ar\u012b \u2013 \u201cDatu p\u0101rzinis\u201d) ieg\u016bst, apstr\u0101d\u0101 un glab\u0101 personas datus, ko www.boxrent.lv ieg\u016bst no saviem klientiem un person\u0101m, kas apmekl\u0113 interneta m\u0101jaslapu (turpm\u0101k saukti \u2013 \u201cDatu subjekts\u201d vai \u201cJ\u016bs\u201d).<\/span><\/p><p><span style=\"font-weight: 400;\">1.2. Personas dati ir jebkura inform\u0101cija attiec\u012bb\u0101 uz identific\u0113tu vai identific\u0113jamu fizisku personu, t. i., Datu subjektu. Apstr\u0101de ir jebkura ar personas datiem saist\u012bta darb\u012bba, piem\u0113ram, ieg\u016b\u0161ana, ierakst\u012b\u0161ana, p\u0101rveido\u0161ana, izmanto\u0161ana, skat\u012b\u0161ana, dz\u0113\u0161ana vai izn\u012bcin\u0101\u0161ana.<\/span><\/p><p><span style=\"font-weight: 400;\">1.3. Datu p\u0101rzinis iev\u0113ro likumdo\u0161an\u0101 paredz\u0113tos datu apstr\u0101des principus un sp\u0113j apstiprin\u0101t, ka personas dati tiek apstr\u0101d\u0101ti saska\u0146\u0101 ar sp\u0113k\u0101 eso\u0161o likumdo\u0161anu.<\/span><\/p><h6><strong>2. Personas datu ieg\u016b\u0161ana, apstr\u0101de un glab\u0101\u0161ana.<\/strong><\/h6><p><span style=\"font-weight: 400;\">2.1. Personu identific\u0113jo\u0161u inform\u0101ciju Datu p\u0101rzinis ieg\u016bst, apstr\u0101d\u0101 un glab\u0101, galvenok\u0101rt izmantojot m\u0101jaslapas vietni un e-pastu.<\/span><\/p><p><span style=\"font-weight: 400;\">2.2. Apmekl\u0113jot un izmantojot m\u0101jaslapas sniegtos pakalpojumus, J\u016bs piekr\u012btat, ka jebkura sniegt\u0101 inform\u0101cija tiek izmantota un p\u0101rvald\u012bta atbilsto\u0161i Priv\u0101tuma politik\u0101 noteiktajiem m\u0113r\u0137iem.<\/span><\/p><p><span style=\"font-weight: 400;\">2.3. Datu subjekts ir atbild\u012bgs par to, lai iesniegtie personas dati b\u016btu pareizi, prec\u012bzi un piln\u012bgi. Apzin\u0101ta nepatiesas inform\u0101cijas snieg\u0161ana tiek uzskat\u012bta par m\u016bsu Priv\u0101tuma politikas p\u0101rk\u0101pumu. Datu subjektam ir pien\u0101kums nekav\u0113joties pazi\u0146ot Datu p\u0101rzinim par jebkur\u0101m izmai\u0146\u0101m iesniegtajos personas datos.<\/span><\/p><p><span style=\"font-weight: 400;\">2.4. Datu p\u0101rzinis nav atbild\u012bgs par zaud\u0113jumiem, kas nodar\u012bti Datu subjektam vai tre\u0161aj\u0101m person\u0101m, ja tie radu\u0161ies nepatiesi iesniegtu personas datu d\u0113\u013c.<\/span><\/p><h6><strong>3. Klientu personas datu apstr\u0101de<\/strong><\/h6><p><span style=\"font-weight: 400;\">3.1. Datu p\u0101rzinis var apstr\u0101d\u0101t \u0161\u0101dus personas datus:<\/span><\/p><p><span style=\"font-weight: 400;\">3.1.1. V\u0101rds, uzv\u0101rds<\/span><span style=\"font-weight: 400;\"><br \/><\/span><span style=\"font-weight: 400;\">3.1.2. Dzim\u0161anas datums<\/span><span style=\"font-weight: 400;\"><br \/><\/span><span style=\"font-weight: 400;\">3.1.3. Kontaktinform\u0101cija (e-pasta adrese un\/vai t\u0101lru\u0146a numurs)<\/span><span style=\"font-weight: 400;\"><br \/><\/span><span style=\"font-weight: 400;\">3.1.4. Dar\u012bjuma dati (\u012ar\u0113t\u0101s noliktavas inform\u0101cija, cena, maks\u0101juma inform\u0101cija u.t.t.).<\/span><span style=\"font-weight: 400;\"><br \/><\/span><span style=\"font-weight: 400;\">3.1.5. Deklar\u0113t\u0101s dz\u012bvesvietas inform\u0101cija un personas pases vai ID dokumenta numurs.<\/span><span style=\"font-weight: 400;\"><br \/><\/span><span style=\"font-weight: 400;\">3.1.6. Jebkuru citu inform\u0101ciju, kura iesniegta mums vietnes pied\u0101v\u0101to pakalpojumu un pre\u010du ieg\u0101des laik\u0101 vai sazinoties ar mums.<\/span><\/p><p><span style=\"font-weight: 400;\">3.2. Papildus iepriek\u0161min\u0113tajam, Datu p\u0101rzinim ir ties\u012bbas p\u0101rbaud\u012bt iesniegto datu precizit\u0101ti, izmantojot publiski pieejamos re\u0123istrus.<\/span><\/p><p><span style=\"font-weight: 400;\">3.3. Personas datu apstr\u0101des juridiskais pamats ir Visp\u0101r\u012bg\u0101s datu aizsardz\u012bbas regulas 6.panta 1.punkta a), b), c) un f) apak\u0161punkts:<\/span><\/p><ol><li><span style=\"font-weight: 400;\">a) datu subjekts ir devis piekri\u0161anu savu personas datu apstr\u0101dei vienam vai vair\u0101kiem konkr\u0113tiem nol\u016bkiem;<\/span><\/li><li><span style=\"font-weight: 400;\">b) apstr\u0101de ir vajadz\u012bga l\u012bguma, kura l\u012bgumsl\u0113dz\u0113ja puse ir datu subjekts, izpildei vai pas\u0101kumu veik\u0161anai p\u0113c datu subjekta piepras\u012bjuma pirms l\u012bguma nosl\u0113g\u0161anas;<\/span><\/li><li><span style=\"font-weight: 400;\">c) apstr\u0101de ir vajadz\u012bga, lai izpild\u012btu uz p\u0101rzini attiecin\u0101mu juridisku pien\u0101kumu;<\/span><\/li><li><span style=\"font-weight: 400;\">f) apstr\u0101de ir vajadz\u012bga p\u0101rzi\u0146a vai tre\u0161\u0101s personas le\u0123it\u012bmo intere\u0161u iev\u0113ro\u0161anai, iz\u0146emot, ja datu subjekta intereses vai pamatties\u012bbas un pamatbr\u012bv\u012bbas, kur\u0101m nepiecie\u0161ama personas datu aizsardz\u012bba, ir svar\u012bg\u0101kas par \u0161\u0101d\u0101m interes\u0113m, jo \u012bpa\u0161i, ja datu subjekts ir b\u0113rns.<\/span><\/li><\/ol><p><span style=\"font-weight: 400;\">3.4. Datu p\u0101rzinis glab\u0101 un apstr\u0101d\u0101 Datu subjekta personas datus, kam\u0113r past\u0101v vismaz viens no zem\u0101k nor\u0101d\u012btajiem krit\u0113rijiem:<\/span><\/p><p><span style=\"font-weight: 400;\">3.4.1. Personas dati nepiecie\u0161ami tiem nol\u016bkiem, kam tie sa\u0146emti;<\/span><span style=\"font-weight: 400;\"><br \/><\/span><span style=\"font-weight: 400;\">3.4.2. Kam\u0113r \u0101r\u0113jos normat\u012bvajos aktos noteiktaj\u0101 k\u0101rt\u012bb\u0101 Datu p\u0101rzinis un\/vai Datu subjekts var realiz\u0113t savas le\u0123it\u012bm\u0101s intereses, k\u0101 piem\u0113ram, iesniegt iebildumus vai celt vai vest pras\u012bbu ties\u0101;<\/span><span style=\"font-weight: 400;\"><br \/><\/span><span style=\"font-weight: 400;\">3.4.3. Kam\u0113r past\u0101v juridisks pien\u0101kums datus glab\u0101t, k\u0101 piem\u0113ram, saska\u0146\u0101 ar Gr\u0101matved\u012bbas likumu;<\/span><span style=\"font-weight: 400;\"><br \/><\/span><span style=\"font-weight: 400;\">3.4.4. Kam\u0113r ir sp\u0113k\u0101 Datu subjekta piekri\u0161ana attiec\u012bgajai personas datu apstr\u0101dei, ja nepast\u0101v cits personas datu apstr\u0101des likum\u012bgs pamats.<\/span><\/p><p><span style=\"font-weight: 400;\">Izbeidzoties \u0161aj\u0101 punkt\u0101 min\u0113tajiem apst\u0101k\u013ciem, izbeidzas ar\u012b Datu subjekta personas datu glab\u0101\u0161anas termi\u0146\u0161 un visi attiec\u012bgie personas dati tiek neatgriezeniski izdz\u0113sti no datoru sist\u0113m\u0101m un elektroniskajiem un\/vai pap\u012bra dokumentiem, kas satur\u0113ju\u0161i attiec\u012bgos personas datus vai ar\u012b \u0161ie dokumenti tiek anonimiz\u0113ti.<\/span><\/p><p><span style=\"font-weight: 400;\">3.5. Lai pild\u012btu savas saist\u012bbas pret Jums, Datu p\u0101rzinim ir ties\u012bbas nodot J\u016bsu personas datus sadarb\u012bbas partneriem, datu apstr\u0101d\u0101t\u0101jiem, kas veic nepiecie\u0161amo datu apstr\u0101di m\u016bsu uzdevum\u0101, piem\u0113ram, gr\u0101matve\u017eiem, kurjerdienestiem u.c. Datu apstr\u0101d\u0101t\u0101js ir personas datu p\u0101rzinis.<\/span><span style=\"font-weight: 400;\"><br \/><\/span><span style=\"font-weight: 400;\">P\u0113c piepras\u012bjuma m\u0113s varam nodot J\u016bsu personas datus valsts un ties\u012bbsarg\u0101jo\u0161aj\u0101m iest\u0101d\u0113m, lai nepiecie\u0161am\u012bbas gad\u012bjum\u0101 aizst\u0101v\u0113tu savas juridisk\u0101s intereses, sast\u0101dot, iesniedzot un aizst\u0101vot juridiskas pras\u012bbas.<\/span><\/p><p><span style=\"font-weight: 400;\">3.6. Apstr\u0101d\u0101jot un glab\u0101jot personas datus, Datu p\u0101rzinis \u012bsteno organizatoriskos un tehniskos pas\u0101kumus, lai nodro\u0161in\u0101tu personas datu aizsardz\u012bbu pret nejau\u0161u vai nelikum\u012bgu izn\u012bcin\u0101\u0161anu, main\u012b\u0161anu, izpau\u0161anu un jebk\u0101du citu nelikum\u012bgu apstr\u0101di.<\/span><\/p><h6><strong>4. Datu subjekta ties\u012bbas<\/strong><\/h6><p><span style=\"font-weight: 400;\">4.1. Saska\u0146\u0101 ar Visp\u0101r\u012bgo datu aizsardz\u012bbas regulu un Latvijas Republikas ties\u012bbu aktiem Jums ir ties\u012bbas:<\/span><span style=\"font-weight: 400;\"><br \/><\/span><span style=\"font-weight: 400;\">4.1.1. Piek\u013c\u016bt saviem personas datiem, sa\u0146emt inform\u0101ciju par to apstr\u0101di, k\u0101 ar\u012b piepras\u012bt J\u016bsu personas datu kopiju elektronisk\u0101 form\u0101t\u0101 un ties\u012bbas uz \u0161o datu nodo\u0161anu citam p\u0101rzinim (datu p\u0101rnesam\u012bba);<\/span><span style=\"font-weight: 400;\"><br \/><\/span><span style=\"font-weight: 400;\">4.1.2. Piepras\u012bt, labot nepareizus, neprec\u012bzus vai nepiln\u012bgus personas datus;<\/span><span style=\"font-weight: 400;\"><br \/><\/span><span style=\"font-weight: 400;\">4.1.3. Dz\u0113st savus personas datus (\u201ctikt aizmirstam\u201d), iz\u0146emot gad\u012bjumus, kad likums pieprasa saglab\u0101t datus;<\/span><span style=\"font-weight: 400;\"><br \/><\/span><span style=\"font-weight: 400;\">4.1.4. Atsaukt savu iepriek\u0161 sniegto piekri\u0161anu personas datu apstr\u0101dei;<\/span><span style=\"font-weight: 400;\"><br \/><\/span><span style=\"font-weight: 400;\">4.1.5. Ierobe\u017eot savu datu apstr\u0101di \u2013 ties\u012bbas piepras\u012bt, lai m\u0113s \u012bslaic\u012bgi pavisam p\u0101rtraucam apstr\u0101d\u0101t visus J\u016bsu personas datus;<\/span><span style=\"font-weight: 400;\"><br \/><\/span><span style=\"font-weight: 400;\">4.1.6. V\u0113rsties Datu valsts inspekcij\u0101<\/span><span style=\"font-weight: 400;\"><br \/><\/span><span style=\"font-weight: 400;\">Piepras\u012bjumu par savu ties\u012bbu \u012bsteno\u0161anu varat iesniegt, aizpildot formu kl\u0101tien\u0113 Braslas iel\u0101 29a-409, R\u012bg\u0101, vai ar\u012b ies\u016btot piepras\u012bjumu elektroniski, rakstot uz klientu atbalsta dienesu <\/span><a href=\"mailto:sales@boxrent.lv\"><span style=\"font-weight: 400;\">sales@boxrent.lv<\/span><\/a><span style=\"font-weight: 400;\"> .<\/span><\/p><h6><strong>5. Nobeiguma noteikumi<\/strong><\/h6><p><span style=\"font-weight: 400;\">5.1. \u0160\u012b Priv\u0101tuma politika izstr\u0101d\u0101ta saska\u0146\u0101 ar Eiropas Parlamenta un Padomes regulu (ES) 2016\/679 (2016. gada 27. apr\u012blis) par fizisku personu aizsardz\u012bbu attiec\u012bb\u0101 uz personas datu apstr\u0101di un \u0161\u0101du datu br\u012bvu apriti un ar ko atce\u013c Direkt\u012bvu 95\/46\/EK (Visp\u0101r\u012bg\u0101 datu aizsardz\u012bbas regula), k\u0101 ar\u012b Latvijas Republikas un Eiropas Savien\u012bbas sp\u0113k\u0101 eso\u0161ajiem likumiem.<\/span><\/p><p><span style=\"font-weight: 400;\">5.2. Datu p\u0101rzinim ir ties\u012bbas veikt izmai\u0146as vai papildin\u0101jumus Priv\u0101tuma politik\u0101 jebkur\u0101 br\u012bd\u012b un bez iepriek\u0161\u0113ja br\u012bdin\u0101juma. Labojumi st\u0101jas sp\u0113k\u0101 p\u0113c to public\u0113\u0161anas m\u0101jas lap\u0101 <\/span><a href=\"https:\/\/boxrent.lv\/ru\/\"><span style=\"font-weight: 400;\">www.boxrent.lv<\/span><\/a><span style=\"font-weight: 400;\"> .<\/span><\/p>\t\t\t\t\t\t\t\t<\/div>\n\t\t\t\t<\/div>\n\t\t\t\t\t<\/div>\n\t\t<\/div>\n\t\t\t\t\t<\/div>\n\t\t<\/section>\n\t\t\t\t<\/div>","protected":false},"excerpt":{"rendered":"<p>1. Visp\u0101r\u012bgie noteikumi. 1.1. \u0160\u012b Priv\u0101tuma politika apraksta, k\u0101 SIA \u201cBoxrent\u201d, re\u0123.nr. 42403049027, jur.adrese: Tallinas iela 77-3, R\u012bga, LV-1009 (turpm\u0101k saukti ar\u012b \u2013 \u201cDatu p\u0101rzinis\u201d) ieg\u016bst, apstr\u0101d\u0101 un glab\u0101 personas datus, ko www.boxrent.lv ieg\u016bst no saviem klientiem un person\u0101m, kas apmekl\u0113 interneta m\u0101jaslapu (turpm\u0101k saukti \u2013 \u201cDatu subjekts\u201d vai \u201cJ\u016bs\u201d). 1.2. Personas dati ir jebkura [&hellip;]<\/p>","protected":false},"author":1,"featured_media":0,"parent":0,"menu_order":0,"comment_status":"closed","ping_status":"closed","template":"","meta":{"inline_featured_image":false,"footnotes":""},"class_list":["post-4824","page","type-page","status-publish","hentry"],"_links":{"self":[{"href":"https:\/\/boxrent.lv\/ru\/wp-json\/wp\/v2\/pages\/4824","targetHints":{"allow":["GET"]}}],"collection":[{"href":"https:\/\/boxrent.lv\/ru\/wp-json\/wp\/v2\/pages"}],"about":[{"href":"https:\/\/boxrent.lv\/ru\/wp-json\/wp\/v2\/types\/page"}],"author":[{"embeddable":true,"href":"https:\/\/boxrent.lv\/ru\/wp-json\/wp\/v2\/users\/1"}],"replies":[{"embeddable":true,"href":"https:\/\/boxrent.lv\/ru\/wp-json\/wp\/v2\/comments?post=4824"}],"version-history":[{"count":7,"href":"https:\/\/boxrent.lv\/ru\/wp-json\/wp\/v2\/pages\/4824\/revisions"}],"predecessor-version":[{"id":4831,"href":"https:\/\/boxrent.lv\/ru\/wp-json\/wp\/v2\/pages\/4824\/revisions\/4831"}],"wp:attachment":[{"href":"https:\/\/boxrent.lv\/ru\/wp-json\/wp\/v2\/media?parent=4824"}],"curies":[{"name":"wp","href":"https:\/\/api.w.org\/{rel}","templated":true}]}}