{"id":4858,"date":"2023-05-07T19:58:27","date_gmt":"2023-05-07T16:58:27","guid":{"rendered":"https:\/\/boxrent.lv\/?page_id=4858"},"modified":"2023-05-08T01:35:52","modified_gmt":"2023-05-07T22:35:52","slug":"konteineru-ire","status":"publish","type":"page","link":"https:\/\/boxrent.lv\/ru\/konteineru-ire\/","title":{"rendered":"Konteineru \u012bre"},"content":{"rendered":"<div data-elementor-type=\"wp-page\" data-elementor-id=\"4858\" class=\"elementor elementor-4858\" data-elementor-post-type=\"page\">\n\t\t\t\t\t\t<section class=\"elementor-section elementor-top-section elementor-element elementor-element-23e76e7 elementor-section-boxed elementor-section-height-default elementor-section-height-default\" data-id=\"23e76e7\" data-element_type=\"section\">\n\t\t\t\t\t\t<div class=\"elementor-container elementor-column-gap-default\">\n\t\t\t\t\t<div class=\"elementor-column elementor-col-100 elementor-top-column elementor-element elementor-element-6286b13\" data-id=\"6286b13\" data-element_type=\"column\">\n\t\t\t<div class=\"elementor-widget-wrap elementor-element-populated\">\n\t\t\t\t\t\t<div class=\"elementor-element elementor-element-a27931c elementor-widget elementor-widget-heading\" data-id=\"a27931c\" data-element_type=\"widget\" data-widget_type=\"heading.default\">\n\t\t\t\t<div class=\"elementor-widget-container\">\n\t\t\t\t\t<h2 class=\"elementor-heading-title elementor-size-default\">J\u016bs mekl\u0113jiet izdev\u012bgu noliktavu konteineru \u012bri?<\/h2>\t\t\t\t<\/div>\n\t\t\t\t<\/div>\n\t\t\t\t<div class=\"elementor-element elementor-element-ae78eee elementor-widget elementor-widget-text-editor\" data-id=\"ae78eee\" data-element_type=\"widget\" data-widget_type=\"text-editor.default\">\n\t\t\t\t<div class=\"elementor-widget-container\">\n\t\t\t\t\t\t\t\t\t<p>Uz\u0146\u0113mums Boxrent pied\u0101v\u0101 saviem klientiem konteinerus gan \u012bstermi\u0146a, gan ilgtermi\u0146a \u012brei, no 1 l\u012bdz 12 m\u0113ne\u0161iem. Varat izv\u0113l\u0113ties Jums piem\u0113rot\u0101ko \u012bres modeli.\u00a0<\/p>\t\t\t\t\t\t\t\t<\/div>\n\t\t\t\t<\/div>\n\t\t\t\t<section class=\"elementor-section elementor-inner-section elementor-element elementor-element-e10ea68 elementor-section-boxed elementor-section-height-default elementor-section-height-default\" data-id=\"e10ea68\" data-element_type=\"section\">\n\t\t\t\t\t\t<div class=\"elementor-container elementor-column-gap-default\">\n\t\t\t\t\t<div class=\"elementor-column elementor-col-50 elementor-inner-column elementor-element elementor-element-6c8b771\" data-id=\"6c8b771\" data-element_type=\"column\">\n\t\t\t<div class=\"elementor-widget-wrap elementor-element-populated\">\n\t\t\t\t\t\t<div class=\"elementor-element elementor-element-58ba073 elementor-widget elementor-widget-heading\" data-id=\"58ba073\" data-element_type=\"widget\" data-widget_type=\"heading.default\">\n\t\t\t\t<div class=\"elementor-widget-container\">\n\t\t\t\t\t<h4 class=\"elementor-heading-title elementor-size-default\">1. \u012ar\u0113jiet konteineri vien\u0101 no m\u016bsu laukumiem<\/h4>\t\t\t\t<\/div>\n\t\t\t\t<\/div>\n\t\t\t\t<div class=\"elementor-element elementor-element-480ac72 elementor-align-center elementor-icon-list--layout-traditional elementor-list-item-link-full_width elementor-widget elementor-widget-icon-list\" data-id=\"480ac72\" data-element_type=\"widget\" data-widget_type=\"icon-list.default\">\n\t\t\t\t<div class=\"elementor-widget-container\">\n\t\t\t\t\t\t\t<ul class=\"elementor-icon-list-items\">\n\t\t\t\t\t\t\t<li class=\"elementor-icon-list-item\">\n\t\t\t\t\t\t\t\t\t\t\t<span class=\"elementor-icon-list-icon\">\n\t\t\t\t\t\t\t<i aria-hidden=\"true\" class=\"far fa-plus-square\"><\/i>\t\t\t\t\t\t<\/span>\n\t\t\t\t\t\t\t\t\t\t<span class=\"elementor-icon-list-text\">No 1m3 l\u012bdz 30m2<\/span>\n\t\t\t\t\t\t\t\t\t<\/li>\n\t\t\t\t\t\t\t\t<li class=\"elementor-icon-list-item\">\n\t\t\t\t\t\t\t\t\t\t\t<span class=\"elementor-icon-list-icon\">\n\t\t\t\t\t\t\t<i aria-hidden=\"true\" class=\"fas fa-map-pin\"><\/i>\t\t\t\t\t\t<\/span>\n\t\t\t\t\t\t\t\t\t\t<span class=\"elementor-icon-list-text\">10+ Rajonos R\u012bg\u0101<\/span>\n\t\t\t\t\t\t\t\t\t<\/li>\n\t\t\t\t\t\t\t\t<li class=\"elementor-icon-list-item\">\n\t\t\t\t\t\t\t\t\t\t\t<span class=\"elementor-icon-list-icon\">\n\t\t\t\t\t\t\t<i aria-hidden=\"true\" class=\"far fa-clock\"><\/i>\t\t\t\t\t\t<\/span>\n\t\t\t\t\t\t\t\t\t\t<span class=\"elementor-icon-list-text\">24\/7 Pieeja teritorijai<\/span>\n\t\t\t\t\t\t\t\t\t<\/li>\n\t\t\t\t\t\t<\/ul>\n\t\t\t\t\t\t<\/div>\n\t\t\t\t<\/div>\n\t\t\t\t<div class=\"elementor-element elementor-element-68a90db elementor-widget elementor-widget-image\" data-id=\"68a90db\" data-element_type=\"widget\" data-widget_type=\"image.default\">\n\t\t\t\t<div class=\"elementor-widget-container\">\n\t\t\t\t\t\t\t\t\t\t\t\t\t\t\t<img fetchpriority=\"high\" decoding=\"async\" width=\"768\" height=\"512\" src=\"https:\/\/boxrent.lv\/wp-content\/uploads\/2023\/04\/IMG_3164-768x512.jpeg\" class=\"attachment-medium_large size-medium_large wp-image-4842\" alt=\"\" srcset=\"https:\/\/boxrent.lv\/wp-content\/uploads\/2023\/04\/IMG_3164-768x512.jpeg 768w, https:\/\/boxrent.lv\/wp-content\/uploads\/2023\/04\/IMG_3164-300x200.jpeg 300w, https:\/\/boxrent.lv\/wp-content\/uploads\/2023\/04\/IMG_3164-1024x683.jpeg 1024w, https:\/\/boxrent.lv\/wp-content\/uploads\/2023\/04\/IMG_3164-1536x1024.jpeg 1536w, https:\/\/boxrent.lv\/wp-content\/uploads\/2023\/04\/IMG_3164-18x12.jpeg 18w, https:\/\/boxrent.lv\/wp-content\/uploads\/2023\/04\/IMG_3164.jpeg 1920w\" sizes=\"(max-width: 768px) 100vw, 768px\">\t\t\t\t\t\t\t\t\t\t\t\t\t\t\t<\/div>\n\t\t\t\t<\/div>\n\t\t\t\t<div class=\"elementor-element elementor-element-4b400bd elementor-widget elementor-widget-text-editor\" data-id=\"4b400bd\" data-element_type=\"widget\" data-widget_type=\"text-editor.default\">\n\t\t\t\t<div class=\"elementor-widget-container\">\n\t\t\t\t\t\t\t\t\t<p>Visbie\u017e\u0101k klienti izv\u0113las \u012br\u0113t noliktavu m\u016bsu laukumos.<\/p><p>Liela izm\u0113ru izv\u0113le, draudz\u012bgas cenas un noliktavu \u0113rt\u012bbas ir m\u016bsu priek\u0161roc\u012bbas, sal\u012bdzin\u0101jum\u0101 ar citiem noliktavu centriem. Konteineri ir sadal\u012bti da\u017e\u0101dos izm\u0113ros (8 da\u017e\u0101di izm\u0113ri), lai J\u016bs nep\u0101rmaks\u0101tu par lieko plat\u012bbu, kas Jums nav vajadz\u012bga.<\/p><p>Lai uzzin\u0101tu vair\u0101k par pieejam\u012bbu un cen\u0101m, <strong>skatieties <span style=\"text-decoration: underline;\"><a href=\"https:\/\/boxrent.lv\/ru\/\">galveno lapu<\/a><\/span> vai sazinieties ar mums! =)<\/strong><\/p>\t\t\t\t\t\t\t\t<\/div>\n\t\t\t\t<\/div>\n\t\t\t\t\t<\/div>\n\t\t<\/div>\n\t\t\t\t<div class=\"elementor-column elementor-col-50 elementor-inner-column elementor-element elementor-element-54a549b\" data-id=\"54a549b\" data-element_type=\"column\">\n\t\t\t<div class=\"elementor-widget-wrap elementor-element-populated\">\n\t\t\t\t\t\t<div class=\"elementor-element elementor-element-bc27607 elementor-widget elementor-widget-heading\" data-id=\"bc27607\" data-element_type=\"widget\" data-widget_type=\"heading.default\">\n\t\t\t\t<div class=\"elementor-widget-container\">\n\t\t\t\t\t<h4 class=\"elementor-heading-title elementor-size-default\">2. Pas\u016btiet pieg\u0101di uz savu laukumu<\/h4>\t\t\t\t<\/div>\n\t\t\t\t<\/div>\n\t\t\t\t<div class=\"elementor-element elementor-element-27c3c4e elementor-align-center elementor-icon-list--layout-traditional elementor-list-item-link-full_width elementor-widget elementor-widget-icon-list\" data-id=\"27c3c4e\" data-element_type=\"widget\" data-widget_type=\"icon-list.default\">\n\t\t\t\t<div class=\"elementor-widget-container\">\n\t\t\t\t\t\t\t<ul class=\"elementor-icon-list-items\">\n\t\t\t\t\t\t\t<li class=\"elementor-icon-list-item\">\n\t\t\t\t\t\t\t\t\t\t\t<span class=\"elementor-icon-list-icon\">\n\t\t\t\t\t\t\t<i aria-hidden=\"true\" class=\"far fa-plus-square\"><\/i>\t\t\t\t\t\t<\/span>\n\t\t\t\t\t\t\t\t\t\t<span class=\"elementor-icon-list-text\"><b>20ft<\/b> konteineris <i>(15m2)<\/i> vai <b>40ft<\/b> konteineris <i>(30m2)<\/i><\/span>\n\t\t\t\t\t\t\t\t\t<\/li>\n\t\t\t\t\t\t\t\t<li class=\"elementor-icon-list-item\">\n\t\t\t\t\t\t\t\t\t\t\t<span class=\"elementor-icon-list-icon\">\n\t\t\t\t\t\t\t<i aria-hidden=\"true\" class=\"fas fa-map-pin\"><\/i>\t\t\t\t\t\t<\/span>\n\t\t\t\t\t\t\t\t\t\t<span class=\"elementor-icon-list-text\"><b>Izdev\u012bga pieg\u0101de<\/b> no Boxrent <i>(no tuv\u0101k\u0101 Jums rajona*)<\/i><\/span>\n\t\t\t\t\t\t\t\t\t<\/li>\n\t\t\t\t\t\t\t\t<li class=\"elementor-icon-list-item\">\n\t\t\t\t\t\t\t\t\t\t\t<span class=\"elementor-icon-list-icon\">\n\t\t\t\t\t\t\t<i aria-hidden=\"true\" class=\"far fa-calendar-times\"><\/i>\t\t\t\t\t\t<\/span>\n\t\t\t\t\t\t\t\t\t\t<span class=\"elementor-icon-list-text\">No 1 l\u012bdz 12 m\u0113ne\u0161iem<\/span>\n\t\t\t\t\t\t\t\t\t<\/li>\n\t\t\t\t\t\t<\/ul>\n\t\t\t\t\t\t<\/div>\n\t\t\t\t<\/div>\n\t\t\t\t<div class=\"elementor-element elementor-element-f4c2b0d elementor-widget elementor-widget-image\" data-id=\"f4c2b0d\" data-element_type=\"widget\" data-widget_type=\"image.default\">\n\t\t\t\t<div class=\"elementor-widget-container\">\n\t\t\t\t\t\t\t\t\t\t\t\t\t\t\t<img decoding=\"async\" width=\"800\" height=\"534\" src=\"https:\/\/boxrent.lv\/wp-content\/uploads\/2023\/05\/Boxrent-piegada-1024x683.jpg\" class=\"attachment-large size-large wp-image-4903\" alt=\"Boxrent piegada konteinerus\" srcset=\"https:\/\/boxrent.lv\/wp-content\/uploads\/2023\/05\/Boxrent-piegada-1024x683.jpg 1024w, https:\/\/boxrent.lv\/wp-content\/uploads\/2023\/05\/Boxrent-piegada-300x200.jpg 300w, https:\/\/boxrent.lv\/wp-content\/uploads\/2023\/05\/Boxrent-piegada-768x512.jpg 768w, https:\/\/boxrent.lv\/wp-content\/uploads\/2023\/05\/Boxrent-piegada-1536x1024.jpg 1536w, https:\/\/boxrent.lv\/wp-content\/uploads\/2023\/05\/Boxrent-piegada-2048x1365.jpg 2048w, https:\/\/boxrent.lv\/wp-content\/uploads\/2023\/05\/Boxrent-piegada-18x12.jpg 18w\" sizes=\"(max-width: 800px) 100vw, 800px\" \/>\t\t\t\t\t\t\t\t\t\t\t\t\t\t\t<\/div>\n\t\t\t\t<\/div>\n\t\t\t\t<div class=\"elementor-element elementor-element-9d596ad elementor-widget elementor-widget-text-editor\" data-id=\"9d596ad\" data-element_type=\"widget\" data-widget_type=\"text-editor.default\">\n\t\t\t\t<div class=\"elementor-widget-container\">\n\t\t\t\t\t\t\t\t\t<p>Izv\u0113lieties konteinera \u012bri ar pieg\u0101di:<\/p><ul><li>Celtniec\u012bbas laik\u0101<\/li><li>P\u0101rv\u0101k\u0161an\u0101s laik\u0101<\/li><li>Noliktavu vajadz\u012bb\u0101m k\u0101 pagaidu risin\u0101jumu<\/li><\/ul><p>\u00a0<\/p><p>Boxrent liel\u0101k\u0101 priek\u0161roc\u012bba konteineru \u012brei ir izdev\u012bga pieg\u0101de, sal\u012bdzin\u0101jum\u0101 ar konkurentiem. M\u016bsu konteineri atrodas visos liel\u0101kajos R\u012bgas rajonos un mums ir vair\u0101ki sadarb\u012bbas transport\u0113\u0161anas uz\u0146\u0113mumi da\u017e\u0101d\u0101s viet\u0101s, t\u0101p\u0113c varam garant\u0113t\u00a0<span style=\"text-decoration: underline;\"><strong>l\u0113t\u0101ko<\/strong><\/span><strong>\u00a0<\/strong>pieg\u0101des cenu R\u012bg\u0101, kuru nevar pieg\u0101d\u0101t neviens cits uz\u0146\u0113mums.<\/p><p><strong>Ja atrad\u012bsiet l\u0113t\u0101k, kompens\u0113sim at\u0161\u0137ir\u012bbu!<\/strong><\/p>\t\t\t\t\t\t\t\t<\/div>\n\t\t\t\t<\/div>\n\t\t\t\t\t<\/div>\n\t\t<\/div>\n\t\t\t\t\t<\/div>\n\t\t<\/section>\n\t\t\t\t<div class=\"elementor-element elementor-element-e1e9831 elementor-align-center elementor-widget elementor-widget-button\" data-id=\"e1e9831\" data-element_type=\"widget\" data-widget_type=\"button.default\">\n\t\t\t\t<div class=\"elementor-widget-container\">\n\t\t\t\t\t\t\t\t\t<div class=\"elementor-button-wrapper\">\n\t\t\t\t\t<a class=\"elementor-button elementor-button-link elementor-size-md\" href=\"tel:20440882\">\n\t\t\t\t\t\t<span class=\"elementor-button-content-wrapper\">\n\t\t\t\t\t\t\t\t\t<span class=\"elementor-button-text\">Uzzin\u0101t vair\u0101k: 20-440-882<\/span>\n\t\t\t\t\t<\/span>\n\t\t\t\t\t<\/a>\n\t\t\t\t<\/div>\n\t\t\t\t\t\t\t\t<\/div>\n\t\t\t\t<\/div>\n\t\t\t\t<div class=\"elementor-element elementor-element-e95eb03 elementor-widget-divider--view-line elementor-widget elementor-widget-divider\" data-id=\"e95eb03\" data-element_type=\"widget\" data-widget_type=\"divider.default\">\n\t\t\t\t<div class=\"elementor-widget-container\">\n\t\t\t\t\t\t\t<div class=\"elementor-divider\">\n\t\t\t<span class=\"elementor-divider-separator\">\n\t\t\t\t\t\t<\/span>\n\t\t<\/div>\n\t\t\t\t\t\t<\/div>\n\t\t\t\t<\/div>\n\t\t\t\t<div class=\"elementor-element elementor-element-fc61913 elementor-widget elementor-widget-heading\" data-id=\"fc61913\" data-element_type=\"widget\" data-widget_type=\"heading.default\">\n\t\t\t\t<div class=\"elementor-widget-container\">\n\t\t\t\t\t<h3 class=\"elementor-heading-title elementor-size-default\">K\u0101di konteineru veidi eksist\u0113:<\/h3>\t\t\t\t<\/div>\n\t\t\t\t<\/div>\n\t\t\t\t<div class=\"elementor-element elementor-element-c65388d elementor-widget elementor-widget-text-editor\" data-id=\"c65388d\" data-element_type=\"widget\" data-widget_type=\"text-editor.default\">\n\t\t\t\t<div class=\"elementor-widget-container\">\n\t\t\t\t\t\t\t\t\t<p>Kravas konteineru veidi un izm\u0113ri ir \u013coti daudz, katrs veids izstr\u0101d\u0101ts saviem m\u0113r\u0137iem. Ta\u010du visbie\u017e\u0101k sastopamie konteineri ir univers\u0101li konteineri. M\u0113s aprakstam TOP 5 popul\u0101ro konteinerus veidus:<\/p><ul><li><span style=\"text-decoration: underline;\"><strong>20ft DV (20 p\u0113du konteineris)<\/strong><\/span><br \/>Garums: <strong>6m<\/strong>, platums: <strong>2.44m<\/strong>, augstums: <strong><strong>2.6m<\/strong><\/strong><p>\u00a0<\/p><\/li><li><span style=\"text-decoration: underline;\"><strong>40ft DV (40 p\u0113du konteineris)<\/strong><\/span><br \/>Garums: <strong>12.1m<\/strong>, platums: <strong>2.44m<\/strong>, augstums: <strong><strong>2.6m<\/strong><\/strong><p>\u00a0<\/p><\/li><li><span style=\"text-decoration: underline;\"><strong>40ft HC (40 p\u0113du augstais konteineris)<br \/><\/strong><\/span>Garums: <strong>12.1m<\/strong>, platums: <strong>2.44m<\/strong>, augstums: <strong><strong>2.9m<\/strong><\/strong><p>\u00a0<\/p><\/li><li><span style=\"text-decoration: underline;\"><strong>40ft PW (40 p\u0113du platais konteineris)<br \/><\/strong><\/span>Garums: <strong>12.1m<\/strong>, platums: <strong>2.49m<\/strong>, augstums: <strong><strong>2.6m<\/strong><\/strong><p>\u00a0<\/p><\/li><li><span style=\"text-decoration: underline;\"><strong>45ft HC (45 p\u0113du augstais konteineris)<br \/><\/strong><\/span>Garums: <strong>13.7m<\/strong>, platums: <strong>2.44m<\/strong>, augstums: <strong>2.9m<\/strong><\/li><\/ul><p>\u00a0<\/p><p><strong>Boxrent p\u0101rvald\u012bb\u0101 ir visi min\u0113tie konteineru tipi, ta\u010du vispopul\u0101r\u0101kais ir 40-p\u0113du konteineris, kas ar\u012b ir visizdev\u012bg\u0101kais \u012bres nosac\u012bjumos p\u0113c m2 plat\u012bbas. Sazinieties, lai uzzin\u0101tu vair\u0101k!<\/strong><\/p>\t\t\t\t\t\t\t\t<\/div>\n\t\t\t\t<\/div>\n\t\t\t\t\t<\/div>\n\t\t<\/div>\n\t\t\t\t\t<\/div>\n\t\t<\/section>\n\t\t\t\t<\/div>","protected":false},"excerpt":{"rendered":"<p>J\u016bs mekl\u0113jiet izdev\u012bgu noliktavu konteineru \u012bri? Uz\u0146\u0113mums Boxrent pied\u0101v\u0101 saviem klientiem konteinerus gan \u012bstermi\u0146a, gan ilgtermi\u0146a \u012brei, no 1 l\u012bdz 12 m\u0113ne\u0161iem. Varat izv\u0113l\u0113ties Jums piem\u0113rot\u0101ko \u012bres modeli.\u00a0 1. \u012ar\u0113jiet konteineri vien\u0101 no m\u016bsu laukumiem No 1m3 l\u012bdz 30m2 10+ Rajonos R\u012bg\u0101 24\/7 Pieeja teritorijai Visbie\u017e\u0101k klienti izv\u0113las \u012br\u0113t noliktavu m\u016bsu laukumos. Liela izm\u0113ru izv\u0113le, [&hellip;]<\/p>","protected":false},"author":1,"featured_media":4860,"parent":0,"menu_order":0,"comment_status":"closed","ping_status":"closed","template":"","meta":{"inline_featured_image":false,"footnotes":""},"class_list":["post-4858","page","type-page","status-publish","has-post-thumbnail","hentry"],"_links":{"self":[{"href":"https:\/\/boxrent.lv\/ru\/wp-json\/wp\/v2\/pages\/4858","targetHints":{"allow":["GET"]}}],"collection":[{"href":"https:\/\/boxrent.lv\/ru\/wp-json\/wp\/v2\/pages"}],"about":[{"href":"https:\/\/boxrent.lv\/ru\/wp-json\/wp\/v2\/types\/page"}],"author":[{"embeddable":true,"href":"https:\/\/boxrent.lv\/ru\/wp-json\/wp\/v2\/users\/1"}],"replies":[{"embeddable":true,"href":"https:\/\/boxrent.lv\/ru\/wp-json\/wp\/v2\/comments?post=4858"}],"version-history":[{"count":7,"href":"https:\/\/boxrent.lv\/ru\/wp-json\/wp\/v2\/pages\/4858\/revisions"}],"predecessor-version":[{"id":4906,"href":"https:\/\/boxrent.lv\/ru\/wp-json\/wp\/v2\/pages\/4858\/revisions\/4906"}],"wp:featuredmedia":[{"embeddable":true,"href":"https:\/\/boxrent.lv\/ru\/wp-json\/wp\/v2\/media\/4860"}],"wp:attachment":[{"href":"https:\/\/boxrent.lv\/ru\/wp-json\/wp\/v2\/media?parent=4858"}],"curies":[{"name":"wp","href":"https:\/\/api.w.org\/{rel}","templated":true}]}}