{"id":4931,"date":"2023-05-27T18:29:22","date_gmt":"2023-05-27T15:29:22","guid":{"rendered":"https:\/\/boxrent.lv\/?page_id=4931"},"modified":"2023-05-30T15:36:12","modified_gmt":"2023-05-30T12:36:12","slug":"noliktavu-noma-riga-kapec-izveleties-boxrent%ef%bf%bc%ef%bf%bc%ef%bf%bc%ef%bf%bc%ef%bf%bc%ef%bf%bc","status":"publish","type":"page","link":"https:\/\/boxrent.lv\/ru\/noliktavu-noma-riga-kapec-izveleties-boxrent%ef%bf%bc%ef%bf%bc%ef%bf%bc%ef%bf%bc%ef%bf%bc%ef%bf%bc\/","title":{"rendered":"Noliktavu noma R\u012bg\u0101 &#8211; k\u0101p\u0113c izv\u0113l\u0113ties Boxrent\ufffc\ufffc\ufffc\ufffc\ufffc\ufffc"},"content":{"rendered":"<p class=\"has-text-align-left\">Da\u017ereiz dz\u012bv\u0113 gad\u0101s vis\u0101di un ir nepiecie\u0161ams iz\u012br\u0113t noliktavu \u012bslaic\u012bgai vai ilgsto\u0161ai mantu glab\u0101\u0161anai. Ja jums steidzami ir nepiecie\u0161ams izvest mantas no dz\u012bvok\u013ca, tad Boxrent noliktavu noma R\u012bg\u0101 ir ide\u0101ls variants, lai \u012bslaic\u012bgi glab\u0101tu t\u0101das mantas k\u0101 m\u0113beles, velosip\u0113dus, ziemas vai vasaras sporta ekip\u0113jumu, traukus, gr\u0101matas un citas lietas. Boxrent noliktavu \u012bre ir vienk\u0101r\u0161a, \u0101tra un \u0113rta &#8211; l\u012bgumu var parakst\u012bt att\u0101lin\u0101ti. J\u016bsu mantas m\u016bsu noliktav\u0101s b\u016bs dro\u0161\u012bb\u0101, jo m\u0113s nodro\u0161in\u0101m 24 stundu apsardzi, videonov\u0113ro\u0161anu, k\u0101 ar\u012b teritorija ir nosl\u0113gta ar v\u0101rtiem.&nbsp;<\/p>\n\n\n\n<h2 class=\"wp-block-heading\"><strong><strong>K\u0101p\u0113c izv\u0113l\u0113ties Boxrent noliktavu nomu?&nbsp;<\/strong><\/strong><\/h2>\n\n\n\n<ul class=\"wp-block-list\"><li>M\u0113s pied\u0101v\u0101jam 24\/7 piek\u013cuvi J\u016bsu mant\u0101m &#8211; pat Ziemassv\u0113tkos un J\u0101\u0146os<\/li><li>Teritorija ir apgaismota, kas noz\u012bm\u0113, ka savas mantas varat apmekl\u0113t ar\u012b diennakts tum\u0161aj\u0101s stund\u0101s;<\/li><li>Pie konteineriem ir iesp\u0113ja piek\u013c\u016bt ar ma\u0161\u012bnu, lai mantu izkrau\u0161ana un iekrau\u0161ana b\u016btu p\u0113c iesp\u0113jas \u0101tr\u0101ka un \u0113rt\u0101ka<\/li><li>M\u0113s pied\u0101v\u0101jam 8 da\u017e\u0101dus izm\u0113ru konteinerus. Ja nezin\u0101t, k\u0101du izm\u0113ra konteineri izv\u0113l\u0113ties, tad var sazin\u0101ties ar klientu konsultantu, kur\u0161 pal\u012bdz\u0113s saprast konteineru izm\u0113rus un to ietilp\u012bbu<\/li><li>M\u0113s nodro\u0161in\u0101m vair\u0101ku l\u012bme\u0146u dro\u0161\u012bbu &#8211; nosl\u0113gtu teritoriju, videonov\u0113ro\u0161anu un apsardzi, k\u0101 ar\u012b katrai noliktavai ir sava unik\u0101la atsl\u0113ga<\/li><li>Visas noliktavas ir pasarg\u0101tas no da\u017e\u0101diem laikapst\u0101k\u013ciem &#8211; taj\u0101s neiek\u013c\u016bst mitrums. Mantas netiks deform\u0113tas mitruma d\u0113\u013c, jo t\u0101s tiek glab\u0101tas herm\u0113tiskos j\u016bras konteineros<\/li><li>At\u0161\u0137ir\u012bb\u0101 no gar\u0101\u017e\u0101m, m\u016bsu konteineros grauz\u0113ji neiek\u013c\u016bs<\/li><li>Durvju izm\u0113rs ir atkar\u012bgs no iz\u012br\u0113t\u0101 konteinera. Lielajos konteineros durvju izm\u0113rs ir 2,45 x 2,40 metri, bet maz\u0101kos durvis ir&nbsp; 2,00 x 1,00 metri, kas \u013cauj Jums konteiner\u012b novietot pat liela izm\u0113ra d\u012bv\u0101nus, gultas un citas m\u0113beles<\/li><\/ul>\n\n\n\n<p><\/p>\n\n\n\n<p>M\u0113s pied\u0101v\u0101jam saviem klientiem visizdev\u012bg\u0101k\u0101s cenas. \u012ares l\u012bgumu var sl\u0113gt uz nenoteiktu laiku,&nbsp; se\u0161iem m\u0113ne\u0161iem vai uz gadu, k\u0101 ar\u012b to ir iesp\u0113ja pagarin\u0101t. J\u016bs varat maks\u0101t visu summu uzreiz vai ar\u012b veikt ikm\u0113ne\u0161a maks\u0101jumus. Katrs klients var izv\u0113l\u0113ties sev piem\u0113rot\u0101ko variantu. Noliktavu cena ir atkar\u012bga no izv\u0113l\u0113t\u0101 tarifa.<\/p>\n\n\n\n<h2 class=\"wp-block-heading\"><strong>Ko dar\u012bt, ja sav\u0101m mant\u0101m vajag atrast m\u0101jas jau \u0161odien?<\/strong><\/h2>\n\n\n\n<p>Noliktavu noma j\u016bras konteineros ir vispopul\u0101r\u0101kais un piepras\u012bt\u0101kais pakalpojums, ko daudzi cilv\u0113ki izmanto mantu uzglab\u0101\u0161anai. Lai iz\u012br\u0113tu sev noliktavu, m\u0101jaslap\u0101 j\u0101atst\u0101j piepras\u012bjums. Noteikti nor\u0101diet konteinera izm\u0113ru un uz cik m\u0113ne\u0161iem v\u0113laties nom\u0101t noliktavu. Kad b\u016bsiet atst\u0101jis savu piepras\u012bjumu, klientu speci\u0101lists sazin\u0101sies ar jums tuv\u0101kaj\u0101 laik\u0101.&nbsp;Noliktavu noma R\u012bg\u0101 pal\u012bdz\u0113s Jums rast risin\u0101jumu, kur glab\u0101t savas mantas.<\/p>\n\n\n\n<p>Jums ir iesp\u0113ja apskat\u012bties potenci\u0101lo noliktavu un izv\u0113rt\u0113t vai visas mantas tur iel\u012bdis. P\u0113c detaliz\u0113tas apskates tiek parakst\u012bts l\u012bgums, \u012brnieks sa\u0146em atsl\u0113gas un piek\u013cuvi teritorijai. Viss process aiz\u0146em ne vair\u0101k k\u0101 piecpadsmit min\u016btes. L\u012bgumu var parakst\u012bt gan caur telefonu, gan datoru un nav nepiecie\u0161ams elektroniskais paraksts.<\/p>\n\n\n\n<p>P\u0113c l\u012bguma parakst\u012b\u0161anas tiek veikta samaksa. Par sniegtajiem pakalpojumiem varat nor\u0113\u0137in\u0101ties, p\u0101rskaitot naudu uz nor\u0101d\u012bto kontu.<\/p>\n\n\n\n<div class=\"wp-block-cover is-light\"><span aria-hidden=\"true\" class=\"wp-block-cover__background has-background-dim\"><\/span><img fetchpriority=\"high\" decoding=\"async\" width=\"1024\" height=\"683\" class=\"wp-block-cover__image-background wp-image-4932\" alt=\"\" src=\"https:\/\/boxrent.lv\/wp-content\/uploads\/2023\/05\/IMG_3083-1024x683.jpg\" data-object-fit=\"cover\" srcset=\"https:\/\/boxrent.lv\/wp-content\/uploads\/2023\/05\/IMG_3083-1024x683.jpg 1024w, https:\/\/boxrent.lv\/wp-content\/uploads\/2023\/05\/IMG_3083-300x200.jpg 300w, https:\/\/boxrent.lv\/wp-content\/uploads\/2023\/05\/IMG_3083-768x512.jpg 768w, https:\/\/boxrent.lv\/wp-content\/uploads\/2023\/05\/IMG_3083-1536x1024.jpg 1536w, https:\/\/boxrent.lv\/wp-content\/uploads\/2023\/05\/IMG_3083-2048x1365.jpg 2048w, https:\/\/boxrent.lv\/wp-content\/uploads\/2023\/05\/IMG_3083-18x12.jpg 18w\" sizes=\"(max-width: 1024px) 100vw, 1024px\" \/><div class=\"wp-block-cover__inner-container is-layout-flow wp-block-cover-is-layout-flow\">\n<p class=\"has-text-align-center has-large-font-size\"><\/p>\n<\/div><\/div>\n\n\n\n\n\n<div class=\"wp-block-buttons is-layout-flex wp-block-buttons-is-layout-flex\">\n\n<\/div>\n\n\n\n<h2 class=\"wp-block-heading\"><\/h2>","protected":false},"excerpt":{"rendered":"<p>Da\u017ereiz dz\u012bv\u0113 gad\u0101s vis\u0101di un ir nepiecie\u0161ams iz\u012br\u0113t noliktavu \u012bslaic\u012bgai vai ilgsto\u0161ai mantu glab\u0101\u0161anai. Ja jums steidzami ir nepiecie\u0161ams izvest mantas no dz\u012bvok\u013ca, tad Boxrent noliktavu noma R\u012bg\u0101 ir ide\u0101ls variants, lai \u012bslaic\u012bgi glab\u0101tu t\u0101das mantas k\u0101 m\u0113beles, velosip\u0113dus, ziemas vai vasaras sporta ekip\u0113jumu, traukus, gr\u0101matas un citas lietas. Boxrent noliktavu \u012bre ir vienk\u0101r\u0161a, \u0101tra [&hellip;]<\/p>","protected":false},"author":1,"featured_media":0,"parent":0,"menu_order":0,"comment_status":"closed","ping_status":"closed","template":"","meta":{"inline_featured_image":false,"footnotes":""},"class_list":["post-4931","page","type-page","status-publish","hentry"],"_links":{"self":[{"href":"https:\/\/boxrent.lv\/ru\/wp-json\/wp\/v2\/pages\/4931","targetHints":{"allow":["GET"]}}],"collection":[{"href":"https:\/\/boxrent.lv\/ru\/wp-json\/wp\/v2\/pages"}],"about":[{"href":"https:\/\/boxrent.lv\/ru\/wp-json\/wp\/v2\/types\/page"}],"author":[{"embeddable":true,"href":"https:\/\/boxrent.lv\/ru\/wp-json\/wp\/v2\/users\/1"}],"replies":[{"embeddable":true,"href":"https:\/\/boxrent.lv\/ru\/wp-json\/wp\/v2\/comments?post=4931"}],"version-history":[{"count":6,"href":"https:\/\/boxrent.lv\/ru\/wp-json\/wp\/v2\/pages\/4931\/revisions"}],"predecessor-version":[{"id":4963,"href":"https:\/\/boxrent.lv\/ru\/wp-json\/wp\/v2\/pages\/4931\/revisions\/4963"}],"wp:attachment":[{"href":"https:\/\/boxrent.lv\/ru\/wp-json\/wp\/v2\/media?parent=4931"}],"curies":[{"name":"wp","href":"https:\/\/api.w.org\/{rel}","templated":true}]}}