{"id":5983,"date":"2024-03-08T14:42:57","date_gmt":"2024-03-08T12:42:57","guid":{"rendered":"https:\/\/boxrent.lv\/?page_id=5983"},"modified":"2025-05-09T13:24:25","modified_gmt":"2025-05-09T10:24:25","slug":"noteikumi","status":"publish","type":"page","link":"https:\/\/boxrent.lv\/ru\/noteikumi\/","title":{"rendered":"Noteikumi"},"content":{"rendered":"<div data-elementor-type=\"wp-page\" data-elementor-id=\"5983\" class=\"elementor elementor-5983\" data-elementor-post-type=\"page\">\n\t\t\t\t\t\t<section class=\"elementor-section elementor-top-section elementor-element elementor-element-c8cdd7c elementor-section-boxed elementor-section-height-default elementor-section-height-default\" data-id=\"c8cdd7c\" data-element_type=\"section\">\n\t\t\t\t\t\t<div class=\"elementor-container elementor-column-gap-default\">\n\t\t\t\t\t<div class=\"elementor-column elementor-col-100 elementor-top-column elementor-element elementor-element-c25cfb1\" data-id=\"c25cfb1\" data-element_type=\"column\">\n\t\t\t<div class=\"elementor-widget-wrap elementor-element-populated\">\n\t\t\t\t\t\t<div class=\"elementor-element elementor-element-2b92bd5 elementor-widget elementor-widget-heading\" data-id=\"2b92bd5\" data-element_type=\"widget\" data-widget_type=\"heading.default\">\n\t\t\t\t<div class=\"elementor-widget-container\">\n\t\t\t\t\t<h2 class=\"elementor-heading-title elementor-size-default\">Boxrent.lv Noteikumi<\/h2>\t\t\t\t<\/div>\n\t\t\t\t<\/div>\n\t\t\t\t<div class=\"elementor-element elementor-element-760d899 elementor-widget elementor-widget-heading\" data-id=\"760d899\" data-element_type=\"widget\" data-widget_type=\"heading.default\">\n\t\t\t\t<div class=\"elementor-widget-container\">\n\t\t\t\t\t<h5 class=\"elementor-heading-title elementor-size-default\">Nomas noteikumi<\/h5>\t\t\t\t<\/div>\n\t\t\t\t<\/div>\n\t\t\t\t<div class=\"elementor-element elementor-element-cfa9d97 elementor-widget elementor-widget-text-editor\" data-id=\"cfa9d97\" data-element_type=\"widget\" data-widget_type=\"text-editor.default\">\n\t\t\t\t<div class=\"elementor-widget-container\">\n\t\t\t\t\t\t\t\t\t<p>Nomas l\u012bguma noteikumi ir atrun\u0101ti <strong><a href=\"https:\/\/boxrent.lv\/wp-content\/uploads\/2024\/01\/BOXRENT_nomas-ligums.pdf\">nomas l\u012bguma pielikum\u0101.<\/a><\/strong><\/p>\t\t\t\t\t\t\t\t<\/div>\n\t\t\t\t<\/div>\n\t\t\t\t<div class=\"elementor-element elementor-element-575fd2b elementor-widget elementor-widget-text-editor\" data-id=\"575fd2b\" data-element_type=\"widget\" data-widget_type=\"text-editor.default\">\n\t\t\t\t<div class=\"elementor-widget-container\">\n\t\t\t\t\t\t\t\t\t<h2 dir=\"ltr\" style=\"line-height: 1.38; margin-top: 18pt; margin-bottom: 4pt;\"><span style=\"font-size: 17pt; font-family: Arial,sans-serif; color: #000000; background-color: transparent; font-weight: bold; font-style: normal; font-variant: normal; text-decoration: none; vertical-align: baseline; white-space: pre-wrap;\">Lieto\u0161anas noteikumi<\/span><\/h2><p dir=\"ltr\" style=\"line-height: 1.38; margin-top: 12pt; margin-bottom: 12pt;\"><span style=\"font-size: 11pt; font-family: Arial,sans-serif; color: #000000; background-color: transparent; font-weight: 400; font-style: normal; font-variant: normal; text-decoration: none; vertical-align: baseline; white-space: pre-wrap;\">\u0160ie lieto\u0161anas noteikumi (turpm\u0101k \u2013 Noteikumi) nosaka k\u0101rt\u012bbu, k\u0101d\u0101 tiek izmantots interneta vietne <\/span><span style=\"font-size: 11pt; font-family: Arial,sans-serif; color: #000000; background-color: transparent; font-weight: bold; font-style: normal; font-variant: normal; text-decoration: none; vertical-align: baseline; white-space: pre-wrap;\">boxrent.lv<\/span><span style=\"font-size: 11pt; font-family: Arial,sans-serif; color: #000000; background-color: transparent; font-weight: 400; font-style: normal; font-variant: normal; text-decoration: none; vertical-align: baseline; white-space: pre-wrap;\">, kuru uztur SIA <\/span><span style=\"font-size: 11pt; font-family: Arial,sans-serif; color: #000000; background-color: transparent; font-weight: bold; font-style: normal; font-variant: normal; text-decoration: none; vertical-align: baseline; white-space: pre-wrap;\">Boxrent<\/span><span style=\"font-size: 11pt; font-family: Arial,sans-serif; color: #000000; background-color: transparent; font-weight: 400; font-style: normal; font-variant: normal; text-decoration: none; vertical-align: baseline; white-space: pre-wrap;\">, re\u0123istr\u0101cijas numurs <\/span><span style=\"font-size: 11pt; font-family: Arial,sans-serif; color: #000000; background-color: transparent; font-weight: bold; font-style: normal; font-variant: normal; text-decoration: none; vertical-align: baseline; white-space: pre-wrap;\">40203580907<\/span><span style=\"font-size: 11pt; font-family: Arial,sans-serif; color: #000000; background-color: transparent; font-weight: 400; font-style: normal; font-variant: normal; text-decoration: none; vertical-align: baseline; white-space: pre-wrap;\">, juridisk\u0101 adrese: <\/span><span style=\"color: #000000;\"><strong>Tallinas iela 77-3, R\u012bga, LV-1009<\/strong><\/span><span style=\"font-size: 11pt; font-family: Arial,sans-serif; color: #000000; background-color: transparent; font-weight: 400; font-style: normal; font-variant: normal; text-decoration: none; vertical-align: baseline; white-space: pre-wrap;\"> (turpm\u0101k \u2013 Pakalpojumu sniedz\u0113js).<\/span><\/p><h3 dir=\"ltr\" style=\"line-height: 1.38; margin-top: 14pt; margin-bottom: 4pt;\"><span style=\"font-size: 13pt; font-family: Arial,sans-serif; color: #000000; background-color: transparent; font-weight: bold; font-style: normal; font-variant: normal; text-decoration: none; vertical-align: baseline; white-space: pre-wrap;\">1. Visp\u0101r\u012bgie noteikumi<\/span><\/h3><p dir=\"ltr\" style=\"line-height: 1.38; margin-top: 12pt; margin-bottom: 12pt;\"><span style=\"font-size: 11pt; font-family: Arial,sans-serif; color: #000000; background-color: transparent; font-weight: 400; font-style: normal; font-variant: normal; text-decoration: none; vertical-align: baseline; white-space: pre-wrap;\">1.1. Lietojot vietni <\/span><span style=\"font-size: 11pt; font-family: Arial,sans-serif; color: #000000; background-color: transparent; font-weight: bold; font-style: normal; font-variant: normal; text-decoration: none; vertical-align: baseline; white-space: pre-wrap;\">boxrent.lv<\/span><span style=\"font-size: 11pt; font-family: Arial,sans-serif; color: #000000; background-color: transparent; font-weight: 400; font-style: normal; font-variant: normal; text-decoration: none; vertical-align: baseline; white-space: pre-wrap;\">, J\u016bs piekr\u012btat \u0161iem Noteikumiem.<\/span><span style=\"font-size: 11pt; font-family: Arial,sans-serif; color: #000000; background-color: transparent; font-weight: 400; font-style: normal; font-variant: normal; text-decoration: none; vertical-align: baseline; white-space: pre-wrap;\"><br \/><\/span><span style=\"font-size: 11pt; font-family: Arial,sans-serif; color: #000000; background-color: transparent; font-weight: 400; font-style: normal; font-variant: normal; text-decoration: none; vertical-align: baseline; white-space: pre-wrap;\">1.2. Ja J\u016bs nepiekr\u012btat Noteikumiem, l\u016bdzu, nelietojiet \u0161o vietni.<\/span><span style=\"font-size: 11pt; font-family: Arial,sans-serif; color: #000000; background-color: transparent; font-weight: 400; font-style: normal; font-variant: normal; text-decoration: none; vertical-align: baseline; white-space: pre-wrap;\"><br \/><\/span><span style=\"font-size: 11pt; font-family: Arial,sans-serif; color: #000000; background-color: transparent; font-weight: 400; font-style: normal; font-variant: normal; text-decoration: none; vertical-align: baseline; white-space: pre-wrap;\">1.3. Pakalpojumu sniedz\u0113js patur ties\u012bbas jebkur\u0101 laik\u0101 main\u012bt Noteikumus, public\u0113jot jaunu versiju vietn\u0113.<\/span><\/p><h3 dir=\"ltr\" style=\"line-height: 1.38; margin-top: 14pt; margin-bottom: 4pt;\"><span style=\"font-size: 13pt; font-family: Arial,sans-serif; color: #000000; background-color: transparent; font-weight: bold; font-style: normal; font-variant: normal; text-decoration: none; vertical-align: baseline; white-space: pre-wrap;\">2. Vietnes saturs un autorties\u012bbas<\/span><\/h3><p dir=\"ltr\" style=\"line-height: 1.38; margin-top: 12pt; margin-bottom: 12pt;\"><span style=\"font-size: 11pt; font-family: Arial,sans-serif; color: #000000; background-color: transparent; font-weight: 400; font-style: normal; font-variant: normal; text-decoration: none; vertical-align: baseline; white-space: pre-wrap;\">2.1. Visi vietnes teksti, dizains, logo, att\u0113li un cita inform\u0101cija ir Pakalpojumu sniedz\u0113ja \u012bpa\u0161ums vai izmantoti ar attiec\u012bg\u0101m ties\u012bb\u0101m.<\/span><span style=\"font-size: 11pt; font-family: Arial,sans-serif; color: #000000; background-color: transparent; font-weight: 400; font-style: normal; font-variant: normal; text-decoration: none; vertical-align: baseline; white-space: pre-wrap;\"><br \/><\/span><span style=\"font-size: 11pt; font-family: Arial,sans-serif; color: #000000; background-color: transparent; font-weight: 400; font-style: normal; font-variant: normal; text-decoration: none; vertical-align: baseline; white-space: pre-wrap;\">2.2. Aizliegts kop\u0113t, izplat\u012bt vai izmantot vietnes saturu bez iepriek\u0161\u0113jas rakstiskas at\u013caujas.<\/span><\/p><h3 dir=\"ltr\" style=\"line-height: 1.38; margin-top: 14pt; margin-bottom: 4pt;\"><span style=\"font-size: 13pt; font-family: Arial,sans-serif; color: #000000; background-color: transparent; font-weight: bold; font-style: normal; font-variant: normal; text-decoration: none; vertical-align: baseline; white-space: pre-wrap;\">3. Lietot\u0101ja pien\u0101kumi<\/span><\/h3><p dir=\"ltr\" style=\"line-height: 1.38; margin-top: 12pt; margin-bottom: 12pt;\"><span style=\"font-size: 11pt; font-family: Arial,sans-serif; color: #000000; background-color: transparent; font-weight: 400; font-style: normal; font-variant: normal; text-decoration: none; vertical-align: baseline; white-space: pre-wrap;\">3.1. Lietot\u0101js ap\u0146emas izmantot vietni tikai likum\u012bgiem m\u0113r\u0137iem.<\/span><span style=\"font-size: 11pt; font-family: Arial,sans-serif; color: #000000; background-color: transparent; font-weight: 400; font-style: normal; font-variant: normal; text-decoration: none; vertical-align: baseline; white-space: pre-wrap;\"><br \/><\/span><span style=\"font-size: 11pt; font-family: Arial,sans-serif; color: #000000; background-color: transparent; font-weight: 400; font-style: normal; font-variant: normal; text-decoration: none; vertical-align: baseline; white-space: pre-wrap;\">3.2. Aizliegts veikt darb\u012bbas, kas var trauc\u0113t vietnes darb\u012bbai vai apdraud\u0113t t\u0101s dro\u0161\u012bbu.<\/span><\/p><h3 dir=\"ltr\" style=\"line-height: 1.38; margin-top: 14pt; margin-bottom: 4pt;\"><span style=\"font-size: 13pt; font-family: Arial,sans-serif; color: #000000; background-color: transparent; font-weight: bold; font-style: normal; font-variant: normal; text-decoration: none; vertical-align: baseline; white-space: pre-wrap;\">4. Priv\u0101tums un datu apstr\u0101de<\/span><\/h3><p dir=\"ltr\" style=\"line-height: 1.38; margin-top: 12pt; margin-bottom: 12pt;\"><span style=\"font-size: 11pt; font-family: Arial,sans-serif; color: #000000; background-color: transparent; font-weight: 400; font-style: normal; font-variant: normal; text-decoration: none; vertical-align: baseline; white-space: pre-wrap;\">4.1. Lietot\u0101ja dati tiek apstr\u0101d\u0101ti saska\u0146\u0101 ar Priv\u0101tuma politiku.<\/span><span style=\"font-size: 11pt; font-family: Arial,sans-serif; color: #000000; background-color: transparent; font-weight: 400; font-style: normal; font-variant: normal; text-decoration: none; vertical-align: baseline; white-space: pre-wrap;\"><br \/><\/span><span style=\"font-size: 11pt; font-family: Arial,sans-serif; color: #000000; background-color: transparent; font-weight: 400; font-style: normal; font-variant: normal; text-decoration: none; vertical-align: baseline; white-space: pre-wrap;\">4.2. Re\u0123istr\u0113joties vai nos\u016btot piepras\u012bjumu, lietot\u0101js piekr\u012bt savu datu apstr\u0101dei.<\/span><\/p><h3 dir=\"ltr\" style=\"line-height: 1.38; margin-top: 14pt; margin-bottom: 4pt;\"><span style=\"font-family: Arial, sans-serif; color: #000000; background-color: transparent; font-style: normal; font-variant: normal; text-decoration: none; vertical-align: baseline; white-space: pre-wrap; font-weight: bold; font-size: 13pt;\">5. Atbild\u012bbas ierobe\u017eojums<\/span><\/h3><p dir=\"ltr\" style=\"line-height: 1.38; margin-top: 12pt; margin-bottom: 12pt;\"><span style=\"font-size: 11pt; font-family: Arial,sans-serif; color: #000000; background-color: transparent; font-weight: 400; font-style: normal; font-variant: normal; text-decoration: none; vertical-align: baseline; white-space: pre-wrap;\">5.1. Pakalpojumu sniedz\u0113js neuz\u0146emas atbild\u012bbu par iesp\u0113jam\u0101m tehnisk\u0101m probl\u0113m\u0101m vietnes darb\u012bb\u0101 vai tre\u0161o pu\u0161u r\u012bc\u012bbu.<\/span><span style=\"font-size: 11pt; font-family: Arial,sans-serif; color: #000000; background-color: transparent; font-weight: 400; font-style: normal; font-variant: normal; text-decoration: none; vertical-align: baseline; white-space: pre-wrap;\"><br \/><\/span><span style=\"font-size: 11pt; font-family: Arial,sans-serif; color: #000000; background-color: transparent; font-weight: 400; font-style: normal; font-variant: normal; text-decoration: none; vertical-align: baseline; white-space: pre-wrap;\">5.2. Vietnes saturs ir informat\u012bvs, un tas var tikt main\u012bts bez iepriek\u0161\u0113ja br\u012bdin\u0101juma.<\/span><\/p><h3 dir=\"ltr\" style=\"line-height: 1.38; margin-top: 14pt; margin-bottom: 4pt;\"><span style=\"font-size: 13pt; font-family: Arial,sans-serif; color: #000000; background-color: transparent; font-weight: bold; font-style: normal; font-variant: normal; text-decoration: none; vertical-align: baseline; white-space: pre-wrap;\">6. Nobeiguma noteikumi<\/span><\/h3><p dir=\"ltr\" style=\"line-height: 1.38; margin-top: 12pt; margin-bottom: 12pt;\"><span style=\"font-size: 11pt; font-family: Arial,sans-serif; color: #000000; background-color: transparent; font-weight: 400; font-style: normal; font-variant: normal; text-decoration: none; vertical-align: baseline; white-space: pre-wrap;\">6.1. Visi str\u012bdi, kas rodas saist\u012bb\u0101 ar vietnes lieto\u0161anu, tiek risin\u0101ti saska\u0146\u0101 ar Latvijas Republikas likumdo\u0161anu.<\/span><span style=\"font-size: 11pt; font-family: Arial,sans-serif; color: #000000; background-color: transparent; font-weight: 400; font-style: normal; font-variant: normal; text-decoration: none; vertical-align: baseline; white-space: pre-wrap;\"><br \/><\/span><span style=\"font-size: 11pt; font-family: Arial,sans-serif; color: #000000; background-color: transparent; font-weight: 400; font-style: normal; font-variant: normal; text-decoration: none; vertical-align: baseline; white-space: pre-wrap;\">6.2. Ja k\u0101ds no Noteikumu punktiem k\u013c\u016bst sp\u0113k\u0101 neeso\u0161s, p\u0101r\u0113jie punkti paliek sp\u0113k\u0101.<\/span><\/p>\t\t\t\t\t\t\t\t<\/div>\n\t\t\t\t<\/div>\n\t\t\t\t<div class=\"elementor-element elementor-element-a7dcbf6 elementor-widget elementor-widget-heading\" data-id=\"a7dcbf6\" data-element_type=\"widget\" data-widget_type=\"heading.default\">\n\t\t\t\t<div class=\"elementor-widget-container\">\n\t\t\t\t\t<h5 class=\"elementor-heading-title elementor-size-default\">Apmaksas noteikumi<\/h5>\t\t\t\t<\/div>\n\t\t\t\t<\/div>\n\t\t\t\t<div class=\"elementor-element elementor-element-2a06556 elementor-widget elementor-widget-text-editor\" data-id=\"2a06556\" data-element_type=\"widget\" data-widget_type=\"text-editor.default\">\n\t\t\t\t<div class=\"elementor-widget-container\">\n\t\t\t\t\t\t\t\t\t<p>Rezerv\u0113jot noliktavu no SIA Boxrent (Turpm\u0101k &#8211; Boxrent), lietot\u0101js piekr\u012bt apmaksas noteikumiem.<\/p><p>Pakalpojuma apmaksas veidi:<\/p><ul><li>Apmaksa ar p\u0101rskait\u012bjumu uz Boxrent Swedbank kontu: LV96HABA0551050038843<\/li><li>Apmaksa ar kred\u012btkarti ar m\u016bsu maks\u0101juma moduli (R\u0113\u0137ins tiek nos\u016bt\u012bts uz J\u016bsu e-pastu)<\/li><li>Apmaksa caur bank\u0101m ar m\u016bsu maks\u0101juma moduli (R\u0113\u0137ins tiek nos\u016bt\u012bts uz J\u016bsu e-pastu)<\/li><\/ul><div>\u00a0<\/div><div>Ja esat apstiprin\u0101jis autom\u0101tiskos maks\u0101jumus (maks\u0101juma modul\u012b), tad J\u016bs piekr\u012btat, ka ikm\u0113ne\u0161a maksa tiks no\u0146emta no J\u016bsu kred\u012btkartes reizi m\u0113nes\u012b l\u012bdz 15.datumam.<\/div>\t\t\t\t\t\t\t\t<\/div>\n\t\t\t\t<\/div>\n\t\t\t\t<div class=\"elementor-element elementor-element-b1545a0 elementor-widget elementor-widget-heading\" data-id=\"b1545a0\" data-element_type=\"widget\" data-widget_type=\"heading.default\">\n\t\t\t\t<div class=\"elementor-widget-container\">\n\t\t\t\t\t<h5 class=\"elementor-heading-title elementor-size-default\">Atteikuma ties\u012bbas<\/h5>\t\t\t\t<\/div>\n\t\t\t\t<\/div>\n\t\t\t\t<div class=\"elementor-element elementor-element-3e5bfcb elementor-widget elementor-widget-text-editor\" data-id=\"3e5bfcb\" data-element_type=\"widget\" data-widget_type=\"text-editor.default\">\n\t\t\t\t<div class=\"elementor-widget-container\">\n\t\t\t\t\t\t\t\t\t<p>Atteikuma ties\u012bbas izmantojamas, iev\u0113rojot LR sp\u0113k\u0101 eso\u0161os likumus, k\u0101 ar\u012b nomas l\u012bgumu, kas tika nosl\u0113gts starp lietot\u0101ju un Boxrent.<\/p><p>Lai atteikties no noliktavas nomas, Jums ir j\u0101pazi\u0146o datums, no kura v\u0113laties atteikties no nomas uz m\u016bsu e-pastu sales@boxrent.lv.<\/p><ul><li><span style=\"background-color: transparent; font-family: var( --e-global-typography-text-font-family ), Sans-serif; font-weight: var( --e-global-typography-text-font-weight );\">Ja esiet nosl\u0113dzis l\u012bgumu uz beztermi\u0146a pamata, Jums ir j\u0101pazi\u0146o vismaz 14 kalend\u0101r\u0101s dienas pirms J\u016bs v\u0113laties atteikties no nomas.<\/span><\/li><li><span style=\"background-color: transparent; font-family: var( --e-global-typography-text-font-family ), Sans-serif; font-weight: var( --e-global-typography-text-font-weight );\">Ja esiet nosl\u0113dzis abonementa l\u012bgumu, Jums ir j\u0101pazi\u0146o vismaz 14 kalend\u0101r\u0101s dienas pirms J\u016bs v\u0113laties atteikties no nomas. Iemaksa par p\u0113d\u0113jo m\u0113nesi netiek atgriezta, ja J\u016bs izbraucat \u0101tr\u0101k par nosl\u0113gto nomas periodu (6 vai 12 m\u0113ne\u0161i).<\/span><\/li><li><span style=\"background-color: transparent; font-family: var( --e-global-typography-text-font-family ), Sans-serif; font-weight: var( --e-global-typography-text-font-weight );\">Ja esiet nosl\u0113dzis l\u012bgumu ar apmaksu par visu periodu, Jums ir j\u0101pazi\u0146o vismaz 14 kalend\u0101r\u0101s dienas pirms J\u016bs v\u0113laties atteikties no nomas. Iemaks\u0101t\u0101 nauda par visu periodu netiek atgriezta.<\/span><\/li><\/ul><div><br \/>Ja r\u0113\u0137ins Jums jau tika izrakst\u012bts par pilnu m\u0113nesi, bet J\u016bs atsakaties \u0101tr\u0101k, r\u0113\u0137ins tiks kori\u0123\u0113ts no m\u016bsu puses. (Piem\u0113ram 1.datum\u0101 lietot\u0101js pazi\u0146o, ka atsak\u0101s no nomas, s\u0101kot ar 15.datumu. Bet r\u0113\u0137ins jau tika izrakst\u012bts par pilnu m\u0113nesi. T\u0101d\u0101 gad\u012bjum\u0101 m\u0113s kori\u0123\u0113sim r\u0113\u0137inu no 30 dien\u0101m un 15 dien\u0101m)<\/div>\t\t\t\t\t\t\t\t<\/div>\n\t\t\t\t<\/div>\n\t\t\t\t<div class=\"elementor-element elementor-element-4471d34 elementor-widget elementor-widget-heading\" data-id=\"4471d34\" data-element_type=\"widget\" data-widget_type=\"heading.default\">\n\t\t\t\t<div class=\"elementor-widget-container\">\n\t\t\t\t\t<h5 class=\"elementor-heading-title elementor-size-default\">R\u012bkoto izsoles noteikumi<\/h5>\t\t\t\t<\/div>\n\t\t\t\t<\/div>\n\t\t\t\t<div class=\"elementor-element elementor-element-9750e08 elementor-widget elementor-widget-text-editor\" data-id=\"9750e08\" data-element_type=\"widget\" data-widget_type=\"text-editor.default\">\n\t\t\t\t<div class=\"elementor-widget-container\">\n\t\t\t\t\t\t\t\t\t<p>Ar izsoles noteikumiem interesanti var iepaz\u012bties <strong><a href=\"https:\/\/boxrent.lv\/ru\/izsoles\/\">izsoles noteikumu lap\u0101<\/a><\/strong>.<\/p>\t\t\t\t\t\t\t\t<\/div>\n\t\t\t\t<\/div>\n\t\t\t\t\t<\/div>\n\t\t<\/div>\n\t\t\t\t\t<\/div>\n\t\t<\/section>\n\t\t\t\t<\/div>","protected":false},"excerpt":{"rendered":"<p>Boxrent.lv Noteikumi Nomas noteikumi Nomas l\u012bguma noteikumi ir atrun\u0101ti nomas l\u012bguma pielikum\u0101. Lieto\u0161anas noteikumi \u0160ie lieto\u0161anas noteikumi (turpm\u0101k \u2013 Noteikumi) nosaka k\u0101rt\u012bbu, k\u0101d\u0101 tiek izmantots interneta vietne boxrent.lv, kuru uztur SIA Boxrent, re\u0123istr\u0101cijas numurs 40203580907, juridisk\u0101 adrese: Tallinas iela 77-3, R\u012bga, LV-1009 (turpm\u0101k \u2013 Pakalpojumu sniedz\u0113js). 1. Visp\u0101r\u012bgie noteikumi 1.1. Lietojot vietni boxrent.lv, J\u016bs piekr\u012btat [&hellip;]<\/p>","protected":false},"author":1,"featured_media":0,"parent":0,"menu_order":0,"comment_status":"closed","ping_status":"closed","template":"","meta":{"inline_featured_image":false,"footnotes":""},"class_list":["post-5983","page","type-page","status-publish","hentry"],"_links":{"self":[{"href":"https:\/\/boxrent.lv\/ru\/wp-json\/wp\/v2\/pages\/5983","targetHints":{"allow":["GET"]}}],"collection":[{"href":"https:\/\/boxrent.lv\/ru\/wp-json\/wp\/v2\/pages"}],"about":[{"href":"https:\/\/boxrent.lv\/ru\/wp-json\/wp\/v2\/types\/page"}],"author":[{"embeddable":true,"href":"https:\/\/boxrent.lv\/ru\/wp-json\/wp\/v2\/users\/1"}],"replies":[{"embeddable":true,"href":"https:\/\/boxrent.lv\/ru\/wp-json\/wp\/v2\/comments?post=5983"}],"version-history":[{"count":25,"href":"https:\/\/boxrent.lv\/ru\/wp-json\/wp\/v2\/pages\/5983\/revisions"}],"predecessor-version":[{"id":7037,"href":"https:\/\/boxrent.lv\/ru\/wp-json\/wp\/v2\/pages\/5983\/revisions\/7037"}],"wp:attachment":[{"href":"https:\/\/boxrent.lv\/ru\/wp-json\/wp\/v2\/media?parent=5983"}],"curies":[{"name":"wp","href":"https:\/\/api.w.org\/{rel}","templated":true}]}}