{"id":6021,"date":"2024-03-22T11:19:24","date_gmt":"2024-03-22T09:19:24","guid":{"rendered":"https:\/\/boxrent.lv\/?page_id=6021"},"modified":"2024-03-25T10:40:23","modified_gmt":"2024-03-25T08:40:23","slug":"izsoles","status":"publish","type":"page","link":"https:\/\/boxrent.lv\/ru\/izsoles\/","title":{"rendered":"Izsoles"},"content":{"rendered":"<div data-elementor-type=\"wp-page\" data-elementor-id=\"6021\" class=\"elementor elementor-6021\" data-elementor-post-type=\"page\">\n\t\t\t\t\t\t<section class=\"elementor-section elementor-top-section elementor-element elementor-element-9945141 elementor-section-boxed elementor-section-height-default elementor-section-height-default\" data-id=\"9945141\" data-element_type=\"section\">\n\t\t\t\t\t\t<div class=\"elementor-container elementor-column-gap-default\">\n\t\t\t\t\t<div class=\"elementor-column elementor-col-100 elementor-top-column elementor-element elementor-element-7b83169\" data-id=\"7b83169\" data-element_type=\"column\">\n\t\t\t<div class=\"elementor-widget-wrap elementor-element-populated\">\n\t\t\t\t\t\t<div class=\"elementor-element elementor-element-843b888 elementor-widget elementor-widget-heading\" data-id=\"843b888\" data-element_type=\"widget\" data-widget_type=\"heading.default\">\n\t\t\t\t<div class=\"elementor-widget-container\">\n\t\t\t\t\t<h2 class=\"elementor-heading-title elementor-size-default\">Pierakstieties izso\u013cu izzi\u0146o\u0161anai<\/h2>\t\t\t\t<\/div>\n\t\t\t\t<\/div>\n\t\t\t\t<div class=\"elementor-element elementor-element-f6bf257 elementor-widget elementor-widget-text-editor\" data-id=\"f6bf257\" data-element_type=\"widget\" data-widget_type=\"text-editor.default\">\n\t\t\t\t<div class=\"elementor-widget-container\">\n\t\t\t\t\t\t\t\t\t<p>P\u0113c pierakst\u012b\u0161an\u0101s, Jums tiks nos\u016bt\u012bts autom\u0101tisks e-pasts, kur\u0101 Jums b\u016bs j\u0101apstiprina e-pasts. P\u0113c apstiprin\u0101\u0161anas, katras izlozes inform\u0101cija Jums tiks nos\u016bt\u012bta.<\/p>\t\t\t\t\t\t\t\t<\/div>\n\t\t\t\t<\/div>\n\t\t\t\t<div class=\"elementor-element elementor-element-9a3beaf elementor-widget__width-auto elementor-widget elementor-widget-html\" data-id=\"9a3beaf\" data-element_type=\"widget\" data-widget_type=\"html.default\">\n\t\t\t\t<div class=\"elementor-widget-container\">\n\t\t\t\t\t<!--Zoho Campaigns Web-Optin Form's Header Code Starts Here-->\n\n<script type=\"text\/javascript\" src=\"https:\/\/wdysb-zcmp.maillist-manage.eu\/js\/optin.min.js\" onload=\"setupSF('sf3z63d8e1a36199c22576d6f3411cc99b16289ac01c8ce6f5985465c916af65073d','ZCFORMVIEW',false,'light',false,'0')\"><\/script>\n<script type=\"text\/javascript\">\n\tfunction runOnFormSubmit_sf3z63d8e1a36199c22576d6f3411cc99b16289ac01c8ce6f5985465c916af65073d(th){\n\t\t\/*Before submit, if you want to trigger your event, \"include your code here\"*\/\n\t};\n<\/script>\n\n<style>#customForm.quick_form_19_css * { -webkit-box-sizing: border-box !important; -moz-box-sizing: border-box !important; box-sizing: border-box !important; overflow-wrap: break-word }input[type=\"text\"]::placeholder { color: rgb(165, 165, 165) }@media only screen and (max-width: 200px) {.quick_form_19_css[name=\"SIGNUP_BODY\"] { width: 100% !important; min-width: 100% !important; margin: 0px auto !important; padding: 0px !important } }@media screen and (min-width: 320px) and (max-width: 580px) and (orientation: portrait) {.quick_form_19_css[name=\"SIGNUP_BODY\"] { max-width: 300px !important; margin: 0px auto !important; padding: 0px !important } }@media only screen and (max-device-width: 1024px) {.quick_form_19_css[name=\"SIGNUP_BODY\"] { max-width: 500px !important; margin: 0px auto !important } }@media only screen and (max-device-width: 1024px) and (orientation: landscape) {.quick_form_19_css[name=\"SIGNUP_BODY\"] { max-width: 700px !important; margin: 0px auto !important } }@media screen and (min-width: 475px) and (max-width: 980px) and (orientation: landscape) {.quick_form_19_css[name=\"SIGNUP_BODY\"] { max-width: 400px !important; margin: 0px auto !important; padding: 0px !important } }<\/style>\n\n<!--Zoho Campaigns Web-Optin Form's Header Code Ends Here--><!--Zoho Campaigns Web-Optin Form Starts Here-->\n\n<div id=\"sf3z63d8e1a36199c22576d6f3411cc99b16289ac01c8ce6f5985465c916af65073d\" data-type=\"signupform\" style=\"opacity: 1;\">\n\t<div id=\"customForm\">\n\t\t<div class=\"quick_form_19_css\" style=\"background-color: rgb(255, 255, 255); width: 300px; z-index: 2; font-family: Arial; background-repeat: no-repeat; background-position: 0px 100%; border: 1px solid rgb(206, 206, 206); overflow: hidden\" name=\"SIGNUP_BODY\">\n\t\t\t<div style=\"text-align: center\">\n\t\t\t\t<div style=\"font-size: 22px; font-family: &quot;Arial&quot;; color: rgb(64, 73, 78); text-align: center; padding: 15px 0; width: 100%; display: block\" id=\"SIGNUP_HEADING\">Pierakst\u012bties izsoles pazi\u0146o\u0161an\u0101m<\/div>\n\t\t\t\t<div style=\"position:relative;\">\n\t\t\t\t\t<div id=\"Zc_SignupSuccess\" style=\"display:none;position:absolute;margin-left:4%;width:90%;background-color: white; padding: 3px; border: 3px solid rgb(194, 225, 154);  margin-top: 10px;margin-bottom:10px;word-break:break-all\">\n\t\t\t\t\t\t<table width=\"100%\" cellpadding=\"0\" cellspacing=\"0\" border=\"0\">\n\t\t\t\t\t\t\t<tbody>\n\t\t\t\t\t\t\t\t<tr>\n\t\t\t\t\t\t\t\t\t<td width=\"10%\">\n\t\t\t\t\t\t\t\t\t\t<img decoding=\"async\" class=\"successicon\" src=\"https:\/\/wdysb-zcmp.maillist-manage.eu\/images\/challangeiconenable.jpg\" align=\"absmiddle\" alt=\"\">\n\t\t\t\t\t\t\t\t\t<\/td>\n\t\t\t\t\t\t\t\t\t<td>\n\t\t\t\t\t\t\t\t\t\t<span id=\"signupSuccessMsg\" style=\"color: rgb(73, 140, 132); font-family: sans-serif; font-size: 14px;word-break:break-word\">&nbsp;&nbsp;Thank you for Signing Up<\/span>\n\t\t\t\t\t\t\t\t\t<\/td>\n\t\t\t\t\t\t\t\t<\/tr>\n\t\t\t\t\t\t\t<\/tbody>\n\t\t\t\t\t\t<\/table>\n\t\t\t\t\t<\/div>\n\t\t\t\t<\/div>\n\t\t\t\t<form method=\"POST\" id=\"zcampaignOptinForm\" style=\"margin: 0px; width: 100%\" action=\"https:\/\/wdysb-zcmp.maillist-manage.eu\/weboptin.zc\" target=\"_zcSignup\">\n\t\t\t\t\t<div style=\"background-color: rgb(255, 235, 232); padding: 10px; color: rgb(210, 0, 0); font-size: 11px; margin: 20px 10px 0px; border: 1px solid rgb(255, 217, 211); opacity: 1; display: none\" id=\"errorMsgDiv\">L\u016bdzu izlabojiet nepareizi aizpild\u012btus laukus!<\/div>\n\t\t\t\t\t<div style=\"position: relative; width: 260px; height: 45px; margin-top: 20px; display: inline-block\">\n\t\t\t\t\t\t<input type=\"text\" style=\"font-size: 12px; border: 0; width: 100%; height: 100%; z-index: 4; outline: none; padding: 5px 10px; box-sizing: border-box; color: rgb(136, 136, 136); text-align: center; font-family: &quot;Arial&quot;; background-color: rgb(245, 245, 245)\" placeholder=\"\u0412\u0430\u0448\u0430 \u043f\u043e\u0447\u0442\u0430\" changeitem=\"SIGNUP_FORM_FIELD\" name=\"CONTACT_EMAIL\" id=\"EMBED_FORM_EMAIL_LABEL\">\n\t\t\t\t\t<\/div>\n\t\t\t\t\t<div style=\"position: relative; width: 260px; height: 45px; margin-top: 20px; display: inline-block\">\n\t\t\t\t\t\t<input type=\"text\" style=\"font-size: 12px; border: 0; width: 100%; height: 100%; z-index: 4; outline: none; padding: 5px 10px; box-sizing: border-box; color: rgb(136, 136, 136); text-align: center; font-family: &quot;Arial&quot;; background-color: rgb(245, 245, 245)\" placeholder=\"J\u016bsu v\u0101rds\" changeitem=\"SIGNUP_FORM_FIELD\" name=\"FIRSTNAME\" id=\"FIRSTNAME\">\n\t\t\t\t\t<\/div>\n\t\t\t\t\t<div style=\"position: relative; width: 150px; height: 40px; margin: 20px 0 50px; display: inline-block\">\n\t\t\t\t\t\t<input type=\"button\" style=\"text-align: center; width: 100%; height: 100%; z-index: 5; border: 0px rgb(246, 80, 28); color: rgb(255, 255, 255); border-radius: 40px; cursor: pointer; outline: none; font-size: 14px; background-color: rgb(255, 85, 32)\" name=\"SIGNUP_SUBMIT_BUTTON\" id=\"zcWebOptin\" value=\"\u041f\u043e\u0434\u043f\u0438\u0441\u0430\u0442\u044c\u0441\u044f\">\n\t\t\t\t\t<\/div>\n\t\t\t\t\t<input type=\"hidden\" id=\"fieldBorder\" value=\"\">\n\t\t\t\t\t<input type=\"hidden\" id=\"submitType\" name=\"submitType\" value=\"optinCustomView\">\n\t\t\t\t\t<input type=\"hidden\" id=\"emailReportId\" name=\"emailReportId\" value=\"\">\n\t\t\t\t\t<input type=\"hidden\" id=\"formType\" name=\"formType\" value=\"QuickForm\">\n\t\t\t\t\t<input type=\"hidden\" name=\"zx\" id=\"cmpZuid\" value=\"14ac9c35cd\">\n\t\t\t\t\t<input type=\"hidden\" name=\"zcvers\" value=\"2.0\">\n\t\t\t\t\t<input type=\"hidden\" name=\"oldListIds\" id=\"allCheckedListIds\" value=\"\">\n\t\t\t\t\t<input type=\"hidden\" id=\"mode\" name=\"mode\" value=\"OptinCreateView\">\n\t\t\t\t\t<input type=\"hidden\" id=\"zcld\" name=\"zcld\" value=\"1213225e0e999619\">\n\t\t\t\t\t<input type=\"hidden\" id=\"zctd\" name=\"zctd\" value=\"1213225e0e913d61\">\n\t\t\t\t\t<input type=\"hidden\" id=\"document_domain\" value=\"\">\n\t\t\t\t\t<input type=\"hidden\" id=\"zc_Url\" value=\"wdysb-zcmp.maillist-manage.eu\">\n\t\t\t\t\t<input type=\"hidden\" id=\"new_optin_response_in\" value=\"0\">\n\t\t\t\t\t<input type=\"hidden\" id=\"duplicate_optin_response_in\" value=\"0\">\n\t\t\t\t\t<input type=\"hidden\" name=\"zc_trackCode\" id=\"zc_trackCode\" value=\"ZCFORMVIEW\">\n\t\t\t\t\t<input type=\"hidden\" id=\"zc_formIx\" name=\"zc_formIx\" value=\"3z63d8e1a36199c22576d6f3411cc99b16289ac01c8ce6f5985465c916af65073d\">\n\t\t\t\t\t<input type=\"hidden\" id=\"viewFrom\" value=\"URL_ACTION\">\n\t\t\t\t\t<span style=\"display: none\" id=\"dt_CONTACT_EMAIL\">1,true,6,Contact Email,2<\/span>\n\t\t\t\t\t<span style=\"display: none\" id=\"dt_FIRSTNAME\">1,false,1,First Name,2<\/span>\n\t\t\t\t\t<span style=\"display: none\" id=\"dt_LASTNAME\">1,false,1,Last Name,2<\/span>\n\t\t\t\t<\/form>\n\t\t\t<\/div>\n\t\t<\/div>\n\t\t<div style=\"display: none\" id=\"unauthPageTitle\">Izsoles pazi\u0146o\u0161anas<\/div>\n\t<\/div>\n\t<img decoding=\"async\" src=\"https:\/\/wdysb-zcmp.maillist-manage.eu\/images\/spacer.gif\" id=\"refImage\" onload=\"referenceSetter(this)\" style=\"display:none;\" alt=\"\">\n<\/div>\n<input type=\"hidden\" id=\"signupFormType\" value=\"QuickForm_Vertical\">\n<div id=\"zcOptinOverLay\" oncontextmenu=\"return false\" style=\"display:none;text-align: center; background-color: rgb(0, 0, 0); opacity: 0.5; z-index: 100; position: fixed; width: 100%; top: 0px; left: 0px; height: 988px;\"><\/div>\n<div id=\"zcOptinSuccessPopup\" style=\"display:none;z-index: 9999;width: 800px; height: 40%;top: 84px;position: fixed; left: 26%;background-color: #FFFFFF;border-color: #E6E6E6; border-style: solid; border-width: 1px;  box-shadow: 0 1px 10px #424242;padding: 35px;\">\n\t<span style=\"position: absolute;top: -16px;right:-14px;z-index:99999;cursor: pointer;\" id=\"closeSuccess\">\n\t\t<img decoding=\"async\" src=\"https:\/\/wdysb-zcmp.maillist-manage.eu\/images\/videoclose.png\" alt=\"\">\n\t<\/span>\n\t<div id=\"zcOptinSuccessPanel\"><\/div>\n<\/div>\n\n<!--Zoho Campaigns Web-Optin Form Ends Here-->\t\t\t\t<\/div>\n\t\t\t\t<\/div>\n\t\t\t\t\t<\/div>\n\t\t<\/div>\n\t\t\t\t\t<\/div>\n\t\t<\/section>\n\t\t\t\t<section class=\"elementor-section elementor-top-section elementor-element elementor-element-b13915e elementor-section-boxed elementor-section-height-default elementor-section-height-default\" data-id=\"b13915e\" data-element_type=\"section\">\n\t\t\t\t\t\t<div class=\"elementor-container elementor-column-gap-default\">\n\t\t\t\t\t<div class=\"elementor-column elementor-col-100 elementor-top-column elementor-element elementor-element-0304df5\" data-id=\"0304df5\" data-element_type=\"column\">\n\t\t\t<div class=\"elementor-widget-wrap elementor-element-populated\">\n\t\t\t\t\t\t<div class=\"elementor-element elementor-element-5ae7e8d elementor-widget elementor-widget-heading\" data-id=\"5ae7e8d\" data-element_type=\"widget\" data-widget_type=\"heading.default\">\n\t\t\t\t<div class=\"elementor-widget-container\">\n\t\t\t\t\t<h2 class=\"elementor-heading-title elementor-size-default\">R\u012bkoto izsoles noteikumi<\/h2>\t\t\t\t<\/div>\n\t\t\t\t<\/div>\n\t\t\t\t<div class=\"elementor-element elementor-element-4b5d3a3 elementor-widget elementor-widget-text-editor\" data-id=\"4b5d3a3\" data-element_type=\"widget\" data-widget_type=\"text-editor.default\">\n\t\t\t\t<div class=\"elementor-widget-container\">\n\t\t\t\t\t\t\t\t\t<p>Boxrent.lv r\u012bko mantu izsoles starp visiem interesantiem. Izsoles norises k\u0101rt\u012bba ir noteikta, saska\u0146\u0101 ar LR normat\u012bviem aktiem.<\/p><h5><strong>Pieteik\u0161an\u0101s k\u0101rt\u012bba<\/strong><\/h5><p>Ja interesants v\u0113las pieteikties uz izsol\u0113m, tam ir j\u0101s\u016bta e-pasts uz <a href=\"mailto:sales@boxrent.lv\"><b>sales@boxrent.lv<\/b><\/a> par v\u0113lmi piedal\u012bties r\u012bkotaj\u0101s izsol\u0113s.<\/p><h5><strong>Izsoles datumi, laiki un adreses<\/strong><\/h5><p>Izsoles notiek periodiski (visbie\u017e\u0101k vienu reizi m\u0113nes\u012b). Par aktu\u0101l\u0101m izsol\u0113m m\u016bsu administr\u0101cija zi\u0146o p\u0101ris dienas iepriek\u0161 visiem interesantiem, kas ir pieteiku\u0161ies iepriek\u0161. Vien\u0101 izsoles datum\u0101 var notikt vair\u0101ku lotes r\u0101d\u012b\u0161anas.<br \/>Izsoles notiek R\u012bg\u0101, Latvij\u0101. Prec\u012bzas atra\u0161an\u0101s vietas un laiki katru izsoles reizi ir da\u017e\u0101di, par t\u0101m m\u0113s zi\u0146ojam e-past\u0101.<\/p><h5><span style=\"font-weight: bolder;\">Ja interesants netiek izsoles dien\u0101 un laik\u0101<\/span><\/h5><p>Ir iesp\u0113ja 3 darbadienu laik\u0101 p\u0113c izsoles galven\u0101s atr\u0101d\u012b\u0161anas laika sarun\u0101t citu laiku un dienu, kur\u0101 interesants v\u0113las atbraukt un apskat\u012bties pieejam\u0101s lotes priv\u0101ti.<br \/>Priv\u0101t\u0101s r\u0101d\u012b\u0161anas maksa no interesanta: <u><b>15.00\u20ac<\/b><\/u> (PVN 21% iek\u013cauts) (Maks\u0101jama pirms viz\u012btes).<br \/>Visi p\u0101r\u0113jie nosac\u012bjumi interesantam ir t\u0101di pa\u0161i, k\u0101 citiem dal\u012bbniekiem.<\/p><h5><strong>Izsoles norises k\u0101rt\u012bba<\/strong><\/h5><p>E-pasta noteikt\u0101 laik\u0101 un viet\u0101, kur notiks lotes atr\u0101d\u012b\u0161ana, visi interesanti tiekas ar vienu no Boxrent administr\u0101cijas p\u0101rst\u0101vi. Boxrent p\u0101rst\u0101vis atver katru pied\u0101v\u0101to loti, interesanti iepaz\u012bstas ar saturu, neiznesot lotes saturu \u0101rpus noliktavas un neboj\u0101jot lotes saturu. Vienas lotes apskate ilgst vid\u0113ji 15 min\u016btes. Boxrent p\u0101rst\u0101vis p\u0113c visu pieejamo lotes atr\u0101d\u012b\u0161anas pied\u0101v\u0101 interesantiem aizbraukt uz citu lok\u0101ciju, kur ir pieejamas citas lotes.<\/p><p>Katrai lotei ir <u>savs identifik\u0101cijas numurs<\/u>, par ko Boxrent p\u0101rst\u0101vis inform\u0113 visus interesantus uz vietas. Interesanti pieraksta sev numuru, lai v\u0113l\u0101k, veidojot cenu pied\u0101v\u0101jumus, at\u0161\u0137irtu lotes.<\/p><p>P\u0113c visu lotes apskat\u0113m, interesantiem <u><b>3\u00a0darbadienu laik\u0101<\/b><\/u> ir j\u0101aizs\u016bta uz e-pastu <b><a href=\"mailto:sales@boxrent.lv\">sales@boxrent.lv<\/a><\/b> sava pied\u0101v\u0101t\u0101 cena par lot\u0113m, kuras v\u0113lme ieg\u0101d\u0101ties.<br \/>E-past\u0101 j\u0101min savi dati (Fiz.personai: V\u0101rds, uzv\u0101rds, dzim\u0161anas datums, Jur.personai: Nosaukums, re\u0123.nr.), lotes numuri un pied\u0101v\u0101t\u0101 cena par katru.<br \/><b>E-pasta piem\u0113rs:<\/b><\/p>\t\t\t\t\t\t\t\t<\/div>\n\t\t\t\t<\/div>\n\t\t\t\t<div class=\"elementor-element elementor-element-9e161dd elementor-blockquote--skin-border elementor-widget elementor-widget-blockquote\" data-id=\"9e161dd\" data-element_type=\"widget\" data-widget_type=\"blockquote.default\">\n\t\t\t\t<div class=\"elementor-widget-container\">\n\t\t\t\t\t\t\t<blockquote class=\"elementor-blockquote\">\n\t\t\t<p class=\"elementor-blockquote__content\">\n\t\t\t\tLabdien,\nJ\u0101nis Ozols, dz.datums 20.12.1990, izsaka pied\u0101v\u0101jumu par izsoles lot\u0113m:<br>\n- BXA130224-1: 100\u20ac<br>- BXA130224-2: 46\u20ac<br>- BXA130224-3: 1021\u20ac\t\t\t<\/p>\n\t\t\t\t\t<\/blockquote>\n\t\t\t\t\t\t<\/div>\n\t\t\t\t<\/div>\n\t\t\t\t<div class=\"elementor-element elementor-element-395ab5c elementor-widget elementor-widget-text-editor\" data-id=\"395ab5c\" data-element_type=\"widget\" data-widget_type=\"text-editor.default\">\n\t\t\t\t<div class=\"elementor-widget-container\">\n\t\t\t\t\t\t\t\t\t<p>S\u0101kumcena vis\u0101m lot\u0113m ir <u><b>20.00\u20ac<\/b><\/u> (PVN 21% iek\u013cauts), ja nav noteikta cita summa individu\u0101l\u0101m lot\u0113m e-past\u0101.<\/p><p>\u00a0<\/p><h5><b>Iesp\u0113jama dro\u0161\u012bbas naudas iemaksa<\/b><\/h5><p>Boxrent administr\u0101cija no interesantiem ar augst\u0101k pied\u0101v\u0101taj\u0101m summ\u0101m, var piepras\u012bt iemaks\u0101t dro\u0161\u012bbas naudu, kas sast\u0101da 20% no pied\u0101v\u0101t\u0101s summas. Pirc\u0113jam dro\u0161\u012bbas nauda j\u0101apmaks\u0101\u00a0<u>24 stundu laik\u0101<\/u>. SIA &#8220;Boxrent&#8221; pieprasa dro\u0161\u012bbas naudu tikai no interesantiem, kuriem ir augst\u0101k\u0101 vai 2.augst\u0101k\u0101 pied\u0101v\u0101t\u0101 cena.<\/p><p>\u00a0<\/p><h5><b>Izsoles rezult\u0101tu pazi\u0146o\u0161ana<\/b><\/h5><p><span style=\"font-family: var( --e-global-typography-text-font-family ), Sans-serif; font-weight: var( --e-global-typography-text-font-weight );\">Interesants, kas pied\u0101v\u0101ja augst\u0101ko cenu par konkr\u0113to loti un ir iemaks\u0101jis dro\u0161\u012bbas naudu, tiek uzskat\u012bts par lotes uzvar\u0113t\u0101ju. Limita p\u0113c viena interesanta lotes uzvar\u0101m nav &#8211; viens uzvar\u0113t\u0101js var b\u016bt vis\u0101s lot\u0113s, ja cenas ir augst\u0101k\u0101s. Interesantiem, kas sol\u012bju\u0161i maz\u0101ku summu, tiek pazi\u0146ots, ka vi\u0146u pied\u0101v\u0101jums bijis maz\u0101ks un, ja bijusi iemaks\u0101ta dro\u0161\u012bbas nauda, Boxrent to atgrie\u017e 2 darbadienu laik\u0101. Ja uzvar\u0113t\u0101js p\u0101rdom\u0101 ieg\u0101d\u0101ties loti, dro\u0161\u012bbas nauda tam netiek atgriezta, un lote tiek pied\u0101v\u0101ta interesantam ar 2.augst\u0101ko cenas pied\u0101v\u0101jumu.<\/span><\/p><p>\u00a0<\/p><h5><b>Uzvar\u0113t\u0101ja pien\u0101kumi<\/b><\/h5><p><span style=\"font-family: var( --e-global-typography-text-font-family ), Sans-serif; font-weight: var( --e-global-typography-text-font-weight );\">Lai sa\u0146emtu lotes saturu, uzvar\u0113t\u0101jam 24 stundu laik\u0101 ir j\u0101veic sekojo\u0161as darb\u012bbas:<\/span><\/p><ol><li><span style=\"font-family: var( --e-global-typography-text-font-family ), Sans-serif; font-weight: var( --e-global-typography-text-font-weight );\">J\u0101apmaks\u0101 atlikus\u012b da\u013ca no pied\u0101v\u0101t\u0101s summas (80%);<\/span><\/li><li><span style=\"font-family: var( --e-global-typography-text-font-family ), Sans-serif; font-weight: var( --e-global-typography-text-font-weight );\">J\u0101paraksta elektroniski (nav vajadz\u012bgs e-paraksts) lotes pirk\u0161anas-p\u0101rdo\u0161anas l\u012bgums (1 lpp.);<\/span><\/li><\/ol><div>\u00a0<\/div><div><h5 style=\"font-family: Roboto, sans-serif; color: #000000;\"><span style=\"font-weight: bold;\">Lotes nodo\u0161ana<\/span><\/h5><p>P\u0113c pilnas apmaksas un pirk\u0161anas-p\u0101rdo\u0161anas l\u012bguma parakst\u012b\u0161anas, Pirc\u0113jam tiek dota pieeja Noliktavai uz 7 (septi\u0146\u0101m) kalend\u0101r\u0101m dien\u0101m, lai izvestu vai realiz\u0113tu mantas. Lai sa\u0146emtu pieeju Noliktavai un lotes saturam, Pirc\u0113jam ir j\u0101paraksta Mantu Kopuma Pie\u0146em\u0161anas Akts. To var izdar\u012bt elektroniski vai kl\u0101tien\u0113 pie lotes satura.<span style=\"font-weight: bold;\"><br \/><\/span><\/p><\/div>\t\t\t\t\t\t\t\t<\/div>\n\t\t\t\t<\/div>\n\t\t\t\t\t<\/div>\n\t\t<\/div>\n\t\t\t\t\t<\/div>\n\t\t<\/section>\n\t\t\t\t<\/div>","protected":false},"excerpt":{"rendered":"<p>Pierakstieties izso\u013cu izzi\u0146o\u0161anai P\u0113c pierakst\u012b\u0161an\u0101s, Jums tiks nos\u016bt\u012bts autom\u0101tisks e-pasts, kur\u0101 Jums b\u016bs j\u0101apstiprina e-pasts. P\u0113c apstiprin\u0101\u0161anas, katras izlozes inform\u0101cija Jums tiks nos\u016bt\u012bta. Pierakst\u012bties izsoles pazi\u0146o\u0161an\u0101m &nbsp;&nbsp;Thank you for Signing Up L\u016bdzu izlabojiet nepareizi aizpild\u012btus laukus! 1,true,6,Contact Email,2 1,false,1,First Name,2 1,false,1,Last Name,2 Izsoles pazi\u0146o\u0161anas R\u012bkoto izsoles noteikumi Boxrent.lv r\u012bko mantu izsoles starp visiem interesantiem. Izsoles [&hellip;]<\/p>","protected":false},"author":1,"featured_media":0,"parent":0,"menu_order":0,"comment_status":"closed","ping_status":"closed","template":"","meta":{"inline_featured_image":false,"footnotes":""},"class_list":["post-6021","page","type-page","status-publish","hentry"],"_links":{"self":[{"href":"https:\/\/boxrent.lv\/ru\/wp-json\/wp\/v2\/pages\/6021","targetHints":{"allow":["GET"]}}],"collection":[{"href":"https:\/\/boxrent.lv\/ru\/wp-json\/wp\/v2\/pages"}],"about":[{"href":"https:\/\/boxrent.lv\/ru\/wp-json\/wp\/v2\/types\/page"}],"author":[{"embeddable":true,"href":"https:\/\/boxrent.lv\/ru\/wp-json\/wp\/v2\/users\/1"}],"replies":[{"embeddable":true,"href":"https:\/\/boxrent.lv\/ru\/wp-json\/wp\/v2\/comments?post=6021"}],"version-history":[{"count":21,"href":"https:\/\/boxrent.lv\/ru\/wp-json\/wp\/v2\/pages\/6021\/revisions"}],"predecessor-version":[{"id":6060,"href":"https:\/\/boxrent.lv\/ru\/wp-json\/wp\/v2\/pages\/6021\/revisions\/6060"}],"wp:attachment":[{"href":"https:\/\/boxrent.lv\/ru\/wp-json\/wp\/v2\/media?parent=6021"}],"curies":[{"name":"wp","href":"https:\/\/api.w.org\/{rel}","templated":true}]}}