{"id":6373,"date":"2024-09-04T15:03:26","date_gmt":"2024-09-04T12:03:26","guid":{"rendered":"https:\/\/boxrent.lv\/?page_id=6373"},"modified":"2025-08-04T10:51:46","modified_gmt":"2025-08-04T07:51:46","slug":"pieejamas-izsoles-lotes","status":"publish","type":"page","link":"https:\/\/boxrent.lv\/ru\/pieejamas-izsoles-lotes\/","title":{"rendered":"Pieejam\u0101s izsoles lotes"},"content":{"rendered":"<div data-elementor-type=\"wp-page\" data-elementor-id=\"6373\" class=\"elementor elementor-6373\" data-elementor-post-type=\"page\">\n\t\t\t\t\t\t<section class=\"elementor-section elementor-top-section elementor-element elementor-element-e1350b3 elementor-section-boxed elementor-section-height-default elementor-section-height-default\" data-id=\"e1350b3\" data-element_type=\"section\">\n\t\t\t\t\t\t<div class=\"elementor-container elementor-column-gap-default\">\n\t\t\t\t\t<div class=\"elementor-column elementor-col-100 elementor-top-column elementor-element elementor-element-a7f47c3\" data-id=\"a7f47c3\" data-element_type=\"column\">\n\t\t\t<div class=\"elementor-widget-wrap elementor-element-populated\">\n\t\t\t\t\t\t<div class=\"elementor-element elementor-element-29d1da8 elementor-widget elementor-widget-heading\" data-id=\"29d1da8\" data-element_type=\"widget\" data-widget_type=\"heading.default\">\n\t\t\t\t<div class=\"elementor-widget-container\">\n\t\t\t\t\t<h2 class=\"elementor-heading-title elementor-size-default\">Pieejam\u0101s izsoles:<\/h2>\t\t\t\t<\/div>\n\t\t\t\t<\/div>\n\t\t\t\t<div class=\"elementor-element elementor-element-4c5e4b6 elementor-widget elementor-widget-text-editor\" data-id=\"4c5e4b6\" data-element_type=\"widget\" data-widget_type=\"text-editor.default\">\n\t\t\t\t<div class=\"elementor-widget-container\">\n\t\t\t\t\t\t\t\t\t<p>Lai pied\u0101v\u0101tu savas cenas, izlasiet <strong><a href=\"https:\/\/boxrent.lv\/ru\/izsoles\/\">izsoles noteikumus<\/a><\/strong> un s\u016btiet savus pied\u0101v\u0101jumu uz <strong>sales@boxrent.lv vai WhatsApp +371 20 440 882<\/strong><\/p>\t\t\t\t\t\t\t\t<\/div>\n\t\t\t\t<\/div>\n\t\t\t\t\t<\/div>\n\t\t<\/div>\n\t\t\t\t\t<\/div>\n\t\t<\/section>\n\t\t\t\t<section class=\"elementor-section elementor-top-section elementor-element elementor-element-6285109 elementor-section-boxed elementor-section-height-default elementor-section-height-default\" data-id=\"6285109\" data-element_type=\"section\">\n\t\t\t\t\t\t<div class=\"elementor-container elementor-column-gap-default\">\n\t\t\t\t\t<div class=\"elementor-column elementor-col-100 elementor-top-column elementor-element elementor-element-946a5c5\" data-id=\"946a5c5\" data-element_type=\"column\">\n\t\t\t<div class=\"elementor-widget-wrap elementor-element-populated\">\n\t\t\t\t\t\t<div class=\"elementor-element elementor-element-1fe846b elementor-widget elementor-widget-heading\" data-id=\"1fe846b\" data-element_type=\"widget\" data-widget_type=\"heading.default\">\n\t\t\t\t<div class=\"elementor-widget-container\">\n\t\t\t\t\t<h4 class=\"elementor-heading-title elementor-size-default\">Lote #BXA170225-20<\/h4>\t\t\t\t<\/div>\n\t\t\t\t<\/div>\n\t\t\t\t<div class=\"elementor-element elementor-element-7c0aae9 elementor-arrows-position-inside elementor-pagination-position-outside elementor-widget elementor-widget-image-carousel\" data-id=\"7c0aae9\" data-element_type=\"widget\" data-settings=\"{&quot;slides_to_show&quot;:&quot;1&quot;,&quot;autoplay&quot;:&quot;no&quot;,&quot;navigation&quot;:&quot;both&quot;,&quot;infinite&quot;:&quot;yes&quot;,&quot;effect&quot;:&quot;slide&quot;,&quot;speed&quot;:500}\" data-widget_type=\"image-carousel.default\">\n\t\t\t\t<div class=\"elementor-widget-container\">\n\t\t\t\t\t\t\t<div class=\"elementor-image-carousel-wrapper swiper\" role=\"region\" aria-roledescription=\"carousel\" aria-label=\"Image Carousel\" dir=\"ltr\">\n\t\t\t<div class=\"elementor-image-carousel swiper-wrapper\" aria-live=\"polite\">\n\t\t\t\t\t\t\t\t<div class=\"swiper-slide\" role=\"group\" aria-roledescription=\"slide\" aria-label=\"1 of 10\"><figure class=\"swiper-slide-inner\"><img decoding=\"async\" class=\"swiper-slide-image\" src=\"https:\/\/boxrent.lv\/wp-content\/uploads\/elementor\/thumbs\/WhatsApp-Image-2025-01-17-at-15.59.34-r056k0aeyn6qs94n3wqcei5da1v1f2u5es7mjvbj0g.jpeg\" alt=\"WhatsApp Image 2025-01-17 at 15.59.34\" \/><\/figure><\/div><div class=\"swiper-slide\" role=\"group\" aria-roledescription=\"slide\" aria-label=\"2 of 10\"><figure class=\"swiper-slide-inner\"><img decoding=\"async\" class=\"swiper-slide-image\" src=\"https:\/\/boxrent.lv\/wp-content\/uploads\/elementor\/thumbs\/WhatsApp-Image-2025-01-17-at-15.59.34-2-r056jvl80h0b67bgvcp7k1c2b4i7clbhq4y75hihvk.jpeg\" alt=\"WhatsApp Image 2025-01-17 at 15.59.34 (2)\" \/><\/figure><\/div><div class=\"swiper-slide\" role=\"group\" aria-roledescription=\"slide\" aria-label=\"3 of 10\"><figure class=\"swiper-slide-inner\"><img decoding=\"async\" class=\"swiper-slide-image\" src=\"https:\/\/boxrent.lv\/wp-content\/uploads\/elementor\/thumbs\/WhatsApp-Image-2025-01-17-at-15.59.35-1-r056k4zlwtd6eaxtcgrh8yyo8z7vhkct3fh1y94k5c.jpeg\" alt=\"WhatsApp Image 2025-01-17 at 15.59.35 (1)\" \/><\/figure><\/div><div class=\"swiper-slide\" role=\"group\" aria-roledescription=\"slide\" aria-label=\"4 of 10\"><figure class=\"swiper-slide-inner\"><img decoding=\"async\" class=\"swiper-slide-image\" src=\"https:\/\/boxrent.lv\/wp-content\/uploads\/elementor\/thumbs\/WhatsApp-Image-2025-01-17-at-15.59.35-2-r056k9osuzjm0cqzl0sm3frz7wkpk1vgs2qhcmxla8.jpeg\" alt=\"WhatsApp Image 2025-01-17 at 15.59.35 (2)\" \/><\/figure><\/div><div class=\"swiper-slide\" role=\"group\" aria-roledescription=\"slide\" aria-label=\"5 of 10\"><figure class=\"swiper-slide-inner\"><img decoding=\"async\" class=\"swiper-slide-image\" src=\"https:\/\/boxrent.lv\/wp-content\/uploads\/elementor\/thumbs\/WhatsApp-Image-2025-01-17-at-15.59.37-2-r056le3v0v2xvl4a109kknksrh1hr1bx9msczj9nuo.jpeg\" alt=\"WhatsApp Image 2025-01-17 at 15.59.37 (2)\" \/><\/figure><\/div><div class=\"swiper-slide\" role=\"group\" aria-roledescription=\"slide\" aria-label=\"6 of 10\"><figure class=\"swiper-slide-inner\"><img decoding=\"async\" class=\"swiper-slide-image\" src=\"https:\/\/boxrent.lv\/wp-content\/uploads\/elementor\/thumbs\/WhatsApp-Image-2025-01-17-at-15.59.36-2-r056kud91cbx3rwy89qemak4adqs9e5k6x35wq2xhc.jpeg\" alt=\"WhatsApp Image 2025-01-17 at 15.59.36 (2)\" \/><\/figure><\/div><div class=\"swiper-slide\" role=\"group\" aria-roledescription=\"slide\" aria-label=\"7 of 10\"><figure class=\"swiper-slide-inner\"><img decoding=\"async\" class=\"swiper-slide-image\" src=\"https:\/\/boxrent.lv\/wp-content\/uploads\/elementor\/thumbs\/WhatsApp-Image-2025-01-17-at-15.59.36-4-r056l4ph4iq2nhhxjw7avpy6tmbtm2alwc9i6rnlkw.jpeg\" alt=\"WhatsApp Image 2025-01-17 at 15.59.36 (4)\" \/><\/figure><\/div><div class=\"swiper-slide\" role=\"group\" aria-roledescription=\"slide\" aria-label=\"8 of 10\"><figure class=\"swiper-slide-inner\"><img decoding=\"async\" class=\"swiper-slide-image\" src=\"https:\/\/boxrent.lv\/wp-content\/uploads\/elementor\/thumbs\/WhatsApp-Image-2025-01-17-at-15.59.36-1-r056koq7wc47645557an7bzcq2ikz7j6656912baio.jpeg\" alt=\"WhatsApp Image 2025-01-17 at 15.59.36 (1)\" \/><\/figure><\/div><div class=\"swiper-slide\" role=\"group\" aria-roledescription=\"slide\" aria-label=\"9 of 10\"><figure class=\"swiper-slide-inner\"><img decoding=\"async\" class=\"swiper-slide-image\" src=\"https:\/\/boxrent.lv\/wp-content\/uploads\/elementor\/thumbs\/WhatsApp-Image-2025-01-17-at-15.59.35-3-r056kfbtzzrby0iso38diecqs7swu8husune8ap88w.jpeg\" alt=\"WhatsApp Image 2025-01-17 at 15.59.35 (3)\" \/><\/figure><\/div><div class=\"swiper-slide\" role=\"group\" aria-roledescription=\"slide\" aria-label=\"10 of 10\"><figure class=\"swiper-slide-inner\"><img decoding=\"async\" class=\"swiper-slide-image\" src=\"https:\/\/boxrent.lv\/wp-content\/uploads\/elementor\/thumbs\/WhatsApp-Image-2025-01-17-at-15.59.35-r056kk10y5xrk2bywn9icv61r55qwq0ihhwtmoi9ds.jpeg\" alt=\"WhatsApp Image 2025-01-17 at 15.59.35\" \/><\/figure><\/div>\t\t\t<\/div>\n\t\t\t\t\t\t\t\t\t\t\t\t<div class=\"elementor-swiper-button elementor-swiper-button-prev\" role=\"button\" tabindex=\"0\">\n\t\t\t\t\t\t<i aria-hidden=\"true\" class=\"eicon-chevron-left\"><\/i>\t\t\t\t\t<\/div>\n\t\t\t\t\t<div class=\"elementor-swiper-button elementor-swiper-button-next\" role=\"button\" tabindex=\"0\">\n\t\t\t\t\t\t<i aria-hidden=\"true\" class=\"eicon-chevron-right\"><\/i>\t\t\t\t\t<\/div>\n\t\t\t\t\n\t\t\t\t\t\t\t\t\t<div class=\"swiper-pagination\"><\/div>\n\t\t\t\t\t\t\t\t\t<\/div>\n\t\t\t\t\t\t<\/div>\n\t\t\t\t<\/div>\n\t\t\t\t<div class=\"elementor-element elementor-element-08ddb79 elementor-widget elementor-widget-text-editor\" data-id=\"08ddb79\" data-element_type=\"widget\" data-widget_type=\"text-editor.default\">\n\t\t\t\t<div class=\"elementor-widget-container\">\n\t\t\t\t\t\t\t\t\t<p style=\"text-align: center;\"><strong>Apraksts:<\/strong><br \/>&#8211; Aukstuma kamera ar dzes\u0113\u0161anas agreg\u0101tu EPTA<br \/>&#8211; ARGO LAB ICN55 Plus inkubators<br \/>&#8211; cepe\u0161kr\u0101sns<br \/>&#8211; Ledusskapji un sald\u0113tava<br \/>&#8211; Da\u017e\u0101di met\u0101la un koka plaukti izjaukt\u0101 veid\u0101<br \/>&#8211; Biroja galdi un kr\u0113sli<br \/>&#8211; Pale\u0161u rati 2,5t<br \/>&#8211; Virtuves mazais invent\u0101rs<br \/>&#8211; Blenderis Robotcop<br \/>&#8211; u.c. lietas<\/p><p style=\"text-align: center;\">\u00a0<\/p><p style=\"text-align: center;\">\u00a0<\/p>\t\t\t\t\t\t\t\t<\/div>\n\t\t\t\t<\/div>\n\t\t\t\t<div class=\"elementor-element elementor-element-239f627 elementor-widget elementor-widget-text-editor\" data-id=\"239f627\" data-element_type=\"widget\" data-widget_type=\"text-editor.default\">\n\t\t\t\t<div class=\"elementor-widget-container\">\n\t\t\t\t\t\t\t\t\t<p>Izsoles s\u0101kums:<b>\u00a024<\/b><strong>.07.2025<\/strong><br \/>Izsoles beigas: <strong>08.08.2025<\/strong><br \/>Minim\u0101l\u0101 cena: <b>1200<\/b><strong>.00\u20ac<\/strong><\/p><p><span style=\"color: #339966;\"><strong>Aktu\u0101l\u0101 pied\u0101v\u0101t\u0101 cena: 1800.00\u20ac<\/strong><\/span><\/p><p><em>S\u016btiet pied\u0101v\u0101jumus uz sales@boxrent.lv vai\u00a0<\/em><\/p><p><em>WhatsApp +20440882<\/em><\/p>\t\t\t\t\t\t\t\t<\/div>\n\t\t\t\t<\/div>\n\t\t\t\t<div class=\"elementor-element elementor-element-1e80e14 elementor-widget__width-auto elementor-countdown--label-block elementor-widget elementor-widget-countdown\" data-id=\"1e80e14\" data-element_type=\"widget\" data-widget_type=\"countdown.default\">\n\t\t\t\t<div class=\"elementor-widget-container\">\n\t\t\t\t\t\t\t<div class=\"elementor-countdown-wrapper\" data-date=\"1754643600\">\n\t\t\t<div class=\"elementor-countdown-item\"><span class=\"elementor-countdown-digits elementor-countdown-days\"><\/span> <span class=\"elementor-countdown-label\">\u0414\u043d\u0435\u0439<\/span><\/div><div class=\"elementor-countdown-item\"><span class=\"elementor-countdown-digits elementor-countdown-hours\"><\/span> <span class=\"elementor-countdown-label\">\u0427\u0430\u0441\u043e\u0432<\/span><\/div><div class=\"elementor-countdown-item\"><span class=\"elementor-countdown-digits elementor-countdown-minutes\"><\/span> <span class=\"elementor-countdown-label\">\u041c\u0438\u043d\u0443\u0442<\/span><\/div><div class=\"elementor-countdown-item\"><span class=\"elementor-countdown-digits elementor-countdown-seconds\"><\/span> <span class=\"elementor-countdown-label\">\u0421\u0435\u043a\u0443\u043d\u0434<\/span><\/div>\t\t<\/div>\n\t\t\t\t\t\t<\/div>\n\t\t\t\t<\/div>\n\t\t\t\t\t<\/div>\n\t\t<\/div>\n\t\t\t\t\t<\/div>\n\t\t<\/section>\n\t\t\t\t<\/div>","protected":false},"excerpt":{"rendered":"<p>Pieejam\u0101s izsoles: Lai pied\u0101v\u0101tu savas cenas, izlasiet izsoles noteikumus un s\u016btiet savus pied\u0101v\u0101jumu uz sales@boxrent.lv vai WhatsApp +371 20 440 882 Lote #BXA170225-20 Apraksts:&#8211; Aukstuma kamera ar dzes\u0113\u0161anas agreg\u0101tu EPTA&#8211; ARGO LAB ICN55 Plus inkubators&#8211; cepe\u0161kr\u0101sns&#8211; Ledusskapji un sald\u0113tava&#8211; Da\u017e\u0101di met\u0101la un koka plaukti izjaukt\u0101 veid\u0101&#8211; Biroja galdi un kr\u0113sli&#8211; Pale\u0161u rati 2,5t&#8211; Virtuves mazais [&hellip;]<\/p>","protected":false},"author":1,"featured_media":0,"parent":0,"menu_order":0,"comment_status":"closed","ping_status":"closed","template":"","meta":{"inline_featured_image":false,"footnotes":""},"class_list":["post-6373","page","type-page","status-publish","hentry"],"_links":{"self":[{"href":"https:\/\/boxrent.lv\/ru\/wp-json\/wp\/v2\/pages\/6373","targetHints":{"allow":["GET"]}}],"collection":[{"href":"https:\/\/boxrent.lv\/ru\/wp-json\/wp\/v2\/pages"}],"about":[{"href":"https:\/\/boxrent.lv\/ru\/wp-json\/wp\/v2\/types\/page"}],"author":[{"embeddable":true,"href":"https:\/\/boxrent.lv\/ru\/wp-json\/wp\/v2\/users\/1"}],"replies":[{"embeddable":true,"href":"https:\/\/boxrent.lv\/ru\/wp-json\/wp\/v2\/comments?post=6373"}],"version-history":[{"count":121,"href":"https:\/\/boxrent.lv\/ru\/wp-json\/wp\/v2\/pages\/6373\/revisions"}],"predecessor-version":[{"id":7109,"href":"https:\/\/boxrent.lv\/ru\/wp-json\/wp\/v2\/pages\/6373\/revisions\/7109"}],"wp:attachment":[{"href":"https:\/\/boxrent.lv\/ru\/wp-json\/wp\/v2\/media?parent=6373"}],"curies":[{"name":"wp","href":"https:\/\/api.w.org\/{rel}","templated":true}]}}